{"id":25752,"date":"2016-02-23T10:49:12","date_gmt":"2016-02-23T10:49:12","guid":{"rendered":"https:\/\/mojoapps.co\/?page_id=25752"},"modified":"2019-12-20T16:07:29","modified_gmt":"2019-12-20T15:07:29","slug":"about-us","status":"publish","type":"page","link":"https:\/\/mojoapps.co\/pl\/about-us\/","title":{"rendered":"About Us"},"content":{"rendered":"[vc_row full_width=&#8221;stretch_row_content_no_spaces&#8221; equal_height=&#8221;yes&#8221; css=&#8221;.vc_custom_1456226492361{margin-bottom: 0px !important;}&#8221;][vc_column css=&#8221;.vc_custom_1528782290303{padding-top: 250px !important;padding-bottom: 250px !important;background-image: url(https:\/\/mojoapps.co\/wp-content\/uploads\/2018\/06\/TabletAugmented.jpg?id=26124) !important;background-position: center !important;background-repeat: no-repeat !important;background-size: cover !important;}&#8221; offset=&#8221;vc_col-lg-6 vc_col-md-6&#8243;][\/vc_column][vc_column offset=&#8221;vc_col-lg-6 vc_col-md-6&#8243; el_class=&#8221;section_padding section_padding_hd&#8221;][vc_column_text]\r\n<div class=\"title-h1\" style=\"text-align: center;\"><span class=\"light\">WHO<\/span> WE ARE<\/div>\r\n[\/vc_column_text]<div class=\"clearboth\"><\/div><div class=\"gem-divider \" style=\"margin-top: 30px;\"><\/div>[vc_column_text el_class=&#8221;ptext&#8221;]<span style=\"font-weight: 400;\">We are a team of driven, talented and experienced programmers and creative minds. Numerous projects at our sister company, Qverty, and hundreds of hours of joint design, development and testing, have shaped our team-spirit and account for our industry experience. Now we are impatiently looking forward to the new world of exciting opportunities to do some magic and make our vision true.<\/span>[\/vc_column_text]<div class=\"clearboth\"><\/div><div class=\"gem-divider \" style=\"margin-top: 30px;\"><\/div><div class=\"gem-button-container gem-button-position-center\"><a class=\"gem-button gem-button-size-small gem-button-style-outline gem-button-text-weight-normal gem-button-border-2\" style=\"border-radius: 20px;border-color: #1cb7d8;color: #1cb7d8;\" onmouseleave=\"this.style.borderColor='#1cb7d8';this.style.backgroundColor='transparent';this.style.color='#1cb7d8';\" onmouseenter=\"this.style.backgroundColor='#1cb7d8';this.style.color='#ffffff';\" href=\"https:\/\/mojoapps.co\/portfolio\/\" target=\"_self\">view our portfolio<\/a><\/div> [\/vc_column][\/vc_row][vc_row full_width=&#8221;stretch_row_content_no_spaces&#8221; equal_height=&#8221;yes&#8221; css=&#8221;.vc_custom_1456226551654{margin-bottom: 0px !important;}&#8221;][vc_column offset=&#8221;vc_col-lg-6 vc_col-md-6&#8243; el_class=&#8221;section_padding section_padding_bottom_hd&#8221;][vc_column_text]\r\n<div class=\"title-h1\" style=\"text-align: center;\"><span class=\"light\">OUR<\/span> MISSION<\/div>\r\n[\/vc_column_text]<div class=\"clearboth\"><\/div><div class=\"gem-divider \" style=\"margin-top: 37px;\"><\/div>[vc_column_text el_class=&#8221;ptext&#8221;]At Mojo we strongly believe in the power of visually compelling and awe-inspiring content, harnessing the best of today\u2019s technology and delivering high quality digital solutions.\r\n\r\nOur mission is to create ideas as tangible as possible, and everyday we leverage our creativity to think outside of the box and come up with even better solutions.[\/vc_column_text]<div class=\"clearboth\"><\/div><div class=\"gem-divider \" style=\"margin-top: 50px;\"><\/div>[vc_row_inner el_class=&#8221;ptext-2&#8243;][vc_column_inner width=&#8221;1\/2&#8243; css=&#8221;.vc_custom_1542712330624{padding-right: 21px !important;padding-left: 21px !important;}&#8221;]<div class=\"gem-list gem-list-type-checkbox gem-list-color-3\"><ul>\n<li>Visually compelling<\/li>\n<li>Awe-inspiring<\/li>\n<\/ul>\n<\/div>[\/vc_column_inner][vc_column_inner width=&#8221;1\/2&#8243; css=&#8221;.vc_custom_1542712337053{padding-right: 21px !important;padding-left: 21px !important;}&#8221;]<div class=\"gem-list gem-list-type-checkbox gem-list-color-3\"><ul>\n<li>As tangible as possible<\/li>\n<li>High quality<\/li>\n<\/ul>\n<\/div>[\/vc_column_inner][\/vc_row_inner][\/vc_column][vc_column css=&#8221;.vc_custom_1528782300362{padding-top: 250px !important;padding-bottom: 250px !important;background-image: url(https:\/\/mojoapps.co\/wp-content\/uploads\/2018\/06\/Na_tablecie2.jpg?id=26125) !important;background-position: center !important;background-repeat: no-repeat !important;background-size: cover !important;}&#8221; offset=&#8221;vc_col-lg-6 vc_col-md-6 vc_hidden-sm vc_hidden-xs&#8221;][\/vc_column][\/vc_row][vc_row full_width=&#8221;stretch_row&#8221; el_class=&#8221;core-team&#8221;][vc_column][vc_column_text]\r\n<div class=\"title-h1\" style=\"text-align: center;\"><span class=\"light\">Core<\/span> team<\/div>\r\n[\/vc_column_text][vc_row_inner el_class=&#8221;core-team-t&#8221;][vc_column_inner width=&#8221;1\/4&#8243; offset=&#8221;vc_col-xs-6&#8243;][vc_single_image image=&#8221;31249&#8243; img_size=&#8221;full&#8221; alignment=&#8221;center&#8221; style=&#8221;vc_box_circle_2&#8243;][vc_column_text]\r\n<p class=\"font-24\" style=\"text-align: center; font-weight: bold; color: #333; margin: 25px 0 0;\">Maciej<\/p>\r\n<p style=\"text-align: center;\">CEO, co-founder<\/p>\r\n[\/vc_column_text][\/vc_column_inner][vc_column_inner width=&#8221;1\/4&#8243; offset=&#8221;vc_col-xs-6&#8243;][vc_single_image image=&#8221;28898&#8243; img_size=&#8221;full&#8221; alignment=&#8221;center&#8221; style=&#8221;vc_box_circle_2&#8243;][vc_column_text]\r\n<p class=\"font-24\" style=\"text-align: center; font-weight: bold; color: #333; margin: 25px 0 0;\">Rafa\u0142<\/p>\r\n<p style=\"text-align: center;\">CSO, co-founder<\/p>\r\n[\/vc_column_text][\/vc_column_inner][vc_column_inner width=&#8221;1\/4&#8243; offset=&#8221;vc_col-xs-6&#8243;][vc_single_image image=&#8221;33062&#8243; img_size=&#8221;full&#8221; alignment=&#8221;center&#8221; style=&#8221;vc_box_circle_2&#8243;][vc_column_text]\r\n<p class=\"font-24\" style=\"text-align: center; font-weight: bold; color: #333; margin: 25px 0 0;\">Adrian<\/p>\r\n<p style=\"text-align: center;\">CTO, co-founder<\/p>\r\n[\/vc_column_text][\/vc_column_inner][vc_column_inner width=&#8221;1\/4&#8243; offset=&#8221;vc_col-xs-6&#8243;][vc_single_image image=&#8221;28895&#8243; img_size=&#8221;full&#8221; alignment=&#8221;center&#8221; style=&#8221;vc_box_circle_2&#8243;][vc_column_text]\r\n<p class=\"font-24\" style=\"text-align: center; font-weight: bold; color: #333; margin: 25px 0 0;\">Oksana<\/p>\r\n<p style=\"text-align: center;\">Business Developer (EMEA)<\/p>\r\n[\/vc_column_text][\/vc_column_inner][\/vc_row_inner][vc_row_inner el_class=&#8221;core-team-t&#8221;][vc_column_inner width=&#8221;1\/4&#8243; offset=&#8221;vc_col-xs-6&#8243;][vc_single_image image=&#8221;28901&#8243; img_size=&#8221;full&#8221; alignment=&#8221;center&#8221; style=&#8221;vc_box_circle_2&#8243;][vc_column_text]\r\n<p class=\"font-24\" style=\"text-align: center; font-weight: bold; color: #333; margin: 25px 0 0;\">Damian<\/p>\r\n<p style=\"text-align: center;\">Lead Developer<\/p>\r\n[\/vc_column_text][\/vc_column_inner][vc_column_inner width=&#8221;1\/4&#8243; offset=&#8221;vc_col-xs-6&#8243;][vc_single_image image=&#8221;28904&#8243; img_size=&#8221;full&#8221; alignment=&#8221;center&#8221; style=&#8221;vc_box_circle_2&#8243;][vc_column_text]\r\n<p class=\"font-24\" style=\"text-align: center; font-weight: bold; color: #333; margin: 25px 0 0;\">Ewa<\/p>\r\n<p style=\"text-align: center;\">Lead UI\/UX Designer<\/p>\r\n[\/vc_column_text][\/vc_column_inner][vc_column_inner width=&#8221;1\/4&#8243; offset=&#8221;vc_col-xs-6&#8243;][vc_single_image image=&#8221;28907&#8243; img_size=&#8221;140&#215;140&#8243; alignment=&#8221;center&#8221; style=&#8221;vc_box_circle_2&#8243;][vc_column_text]\r\n<p class=\"font-24\" style=\"text-align: center; font-weight: bold; color: #333; margin: 25px 0 0;\">Artur<\/p>\r\n<p style=\"text-align: center;\">Lead 3D Artist<\/p>\r\n[\/vc_column_text][\/vc_column_inner][vc_column_inner width=&#8221;1\/4&#8243; offset=&#8221;vc_col-xs-6&#8243;][vc_single_image image=&#8221;28910&#8243; img_size=&#8221;full&#8221; alignment=&#8221;center&#8221; style=&#8221;vc_box_circle_2&#8243;][vc_column_text]\r\n<p class=\"font-24\" style=\"text-align: center; font-weight: bold; color: #333; margin: 25px 0 0;\">Sebastian<\/p>\r\n<p style=\"text-align: center;\">VR &amp; AR Developer<\/p>\r\n[\/vc_column_text][\/vc_column_inner][\/vc_row_inner][vc_row_inner el_class=&#8221;core-team-t&#8221;][vc_column_inner width=&#8221;1\/4&#8243; offset=&#8221;vc_hidden-xs&#8221;][\/vc_column_inner][vc_column_inner width=&#8221;1\/4&#8243; offset=&#8221;vc_col-xs-6&#8243;][vc_single_image image=&#8221;28913&#8243; img_size=&#8221;full&#8221; alignment=&#8221;center&#8221; style=&#8221;vc_box_circle_2&#8243;][vc_column_text]\r\n<p class=\"font-24\" style=\"text-align: center; font-weight: bold; color: #333; margin: 25px 0 0;\">Pawe\u0142<\/p>\r\n<p style=\"text-align: center;\">VR &amp; AR Developer<\/p>\r\n[\/vc_column_text][\/vc_column_inner][vc_column_inner width=&#8221;1\/4&#8243; offset=&#8221;vc_col-xs-6&#8243;][vc_single_image image=&#8221;28953&#8243; img_size=&#8221;140&#215;140&#8243; alignment=&#8221;center&#8221; style=&#8221;vc_box_circle_2&#8243; el_class=&#8221;placeholder&#8221;][vc_column_text]\r\n<p class=\"font-24\" style=\"text-align: center; font-weight: bold; color: #333; margin: 25px 0 0;\">Marina<\/p>\r\n<p style=\"text-align: center;\">Copywriter<\/p>\r\n[\/vc_column_text][\/vc_column_inner][vc_column_inner width=&#8221;1\/4&#8243; offset=&#8221;vc_hidden-xs&#8221;][\/vc_column_inner][\/vc_row_inner][vc_row_inner][vc_column_inner][vc_column_text el_class=&#8221;core-team-s3&#8243;]\r\n<div class=\"title-h3\" style=\"text-align: center;\"><span class=\"light\">And several<\/span> interdisciplinary teams\r\n<span class=\"light\">available to work on your project<\/span><\/div>\r\n[\/vc_column_text][vc_single_image image=&#8221;28919&#8243; img_size=&#8221;full&#8221; alignment=&#8221;center&#8221;][\/vc_column_inner][\/vc_row_inner][\/vc_column][\/vc_row][vc_row full_width=&#8221;stretch_row&#8221; css=&#8221;.vc_custom_1542108368851{background-color: #f4f4f4 !important;}&#8221; el_class=&#8221;official-partner-wrap&#8221;][vc_column][vc_column_text]\r\n<div class=\"title-h1\" style=\"text-align: center;\"><span class=\"light\">Mojo Apps is<\/span>\r\nan official partner of<\/div>\r\n[\/vc_column_text][vc_row_inner][vc_column_inner][vc_raw_html]JTNDdWwlMjBjbGFzcyUzRCUyMm9mZmljaWFsLXBhcnRuZXIlMjIlM0UlMEElMDklM0NsaSUzRSUwQSUwOSUwOSUzQ2RpdiUzRSUzQ2ltZyUyMHNyYyUzRCUyMmh0dHBzJTNBJTJGJTJGbW9qb2FwcHMuY28lMkZ3cC1jb250ZW50JTJGdXBsb2FkcyUyRjIwMTglMkYxMSUyRnZpdmUucG5nJTIyJTIwYWx0JTNEJTIyJTIyJTIwJTJGJTNFJTNDJTJGZGl2JTNFJTBBJTA5JTA5JTNDZGl2JTNFJTNDaW1nJTIwc3JjJTNEJTIyaHR0cHMlM0ElMkYlMkZtb2pvYXBwcy5jbyUyRndwLWNvbnRlbnQlMkZ1cGxvYWRzJTJGMjAxOCUyRjExJTJGdml2ZS13aWVrc3plLnBuZyUyMiUyMGFsdCUzRCUyMiUyMiUyMCUyRiUzRSUzQyUyRmRpdiUzRSUwQSUwOSUzQyUyRmxpJTNFJTBBJTA5JTNDbGklM0UlMEElMDklMDklM0NkaXYlM0UlM0NpbWclMjBzcmMlM0QlMjJodHRwcyUzQSUyRiUyRm1vam9hcHBzLmNvJTJGd3AtY29udGVudCUyRnVwbG9hZHMlMkYyMDE4JTJGMTElMkZvY3VsdXMucG5nJTIyJTIwYWx0JTNEJTIyJTIyJTIwJTJGJTNFJTNDJTJGZGl2JTNFJTBBJTA5JTA5JTNDZGl2JTNFJTNDaW1nJTIwc3JjJTNEJTIyaHR0cHMlM0ElMkYlMkZtb2pvYXBwcy5jbyUyRndwLWNvbnRlbnQlMkZ1cGxvYWRzJTJGMjAxOCUyRjExJTJGb2N1bHVzLXdpZWtzemUucG5nJTIyJTIwYWx0JTNEJTIyJTIyJTIwJTJGJTNFJTNDJTJGZGl2JTNFJTBBJTA5JTNDJTJGbGklM0UlMEElMDklM0NsaSUzRSUwQSUwOSUwOSUzQ2RpdiUzRSUzQ2ltZyUyMHNyYyUzRCUyMmh0dHBzJTNBJTJGJTJGbW9qb2FwcHMuY28lMkZ3cC1jb250ZW50JTJGdXBsb2FkcyUyRjIwMTglMkYxMSUyRnZ1eml4LnBuZyUyMiUyMGFsdCUzRCUyMiUyMiUyMCUyRiUzRSUzQyUyRmRpdiUzRSUwQSUwOSUwOSUzQ2RpdiUzRSUzQ2ltZyUyMHNyYyUzRCUyMmh0dHBzJTNBJTJGJTJGbW9qb2FwcHMuY28lMkZ3cC1jb250ZW50JTJGdXBsb2FkcyUyRjIwMTglMkYxMSUyRnZpeml4LXdpZWtzemUucG5nJTIyJTIwYWx0JTNEJTIyJTIyJTIwJTJGJTNFJTNDJTJGZGl2JTNFJTBBJTA5JTNDJTJGbGklM0UlMEElMDklM0NsaSUzRSUwQSUwOSUwOSUzQ2RpdiUzRSUzQ2ltZyUyMHNyYyUzRCUyMmh0dHBzJTNBJTJGJTJGbW9qb2FwcHMuY28lMkZ3cC1jb250ZW50JTJGdXBsb2FkcyUyRjIwMTglMkYxMSUyRm1pY3Jvc29mdC5wbmclMjIlMjBhbHQlM0QlMjIlMjIlMjAlMkYlM0UlM0MlMkZkaXYlM0UlMEElMDklMDklM0NkaXYlM0UlM0NpbWclMjBzcmMlM0QlMjJodHRwcyUzQSUyRiUyRm1vam9hcHBzLmNvJTJGd3AtY29udGVudCUyRnVwbG9hZHMlMkYyMDE4JTJGMTElMkZtaWNyb3NvZnQtd2lla3N6ZS5wbmclMjIlMjBhbHQlM0QlMjIlMjIlMjAlMkYlM0UlM0MlMkZkaXYlM0UlMEElMDklM0MlMkZsaSUzRSUwQSUwOSUzQ2xpJTNFJTBBJTA5JTA5JTNDZGl2JTNFJTNDaW1nJTIwc3JjJTNEJTIyaHR0cHMlM0ElMkYlMkZtb2pvYXBwcy5jbyUyRndwLWNvbnRlbnQlMkZ1cGxvYWRzJTJGMjAxOCUyRjExJTJGd2luZG93cy0xLnBuZyUyMiUyMGFsdCUzRCUyMiUyMiUyMCUyRiUzRSUzQyUyRmRpdiUzRSUwQSUwOSUwOSUzQ2RpdiUzRSUzQ2ltZyUyMHNyYyUzRCUyMmh0dHBzJTNBJTJGJTJGbW9qb2FwcHMuY28lMkZ3cC1jb250ZW50JTJGdXBsb2FkcyUyRjIwMTglMkYxMSUyRndpbmRvd3Mtd2lla3N6ZS5wbmclMjIlMjBhbHQlM0QlMjIlMjIlMjAlMkYlM0UlM0MlMkZkaXYlM0UlMEElMDklM0MlMkZsaSUzRSUwQSUzQyUyRnVsJTNF[\/vc_raw_html][\/vc_column_inner][\/vc_row_inner][\/vc_column][\/vc_row][vc_row full_width=&#8221;stretch_row&#8221; el_class=&#8221;official-partner-wrap&#8221;][vc_column][vc_column_text]\r\n<div class=\"title-h1\" style=\"text-align: center;\"><span class=\"light\">We<\/span> are an expert <span class=\"light\">in<\/span><\/div>\r\n[\/vc_column_text][vc_row_inner][vc_column_inner][vc_gallery type=&#8221;image_grid&#8221; images=&#8221;28588,28591,28594,28597,28600,28603,28606,28609,28612,28615,28618,28621,28624,28627,28630,28633&#8243; img_size=&#8221;full&#8221; onclick=&#8221;&#8221; el_class=&#8221;image-gallery-ekspert-1&#8243;]<div class=\"clearboth\"><\/div><div class=\"gem-divider \" style=\"margin-bottom: 50px;\"><\/div><div id=\"fullwidth-block-69d0db42b3505\" class=\"fullwidth-block clearfix\"  style=\"\"><script type=\"text\/javascript\">if (typeof(gem_fix_fullwidth_position) == \"function\") { gem_fix_fullwidth_position(document.getElementById(\"fullwidth-block-69d0db42b3505\")); }<\/script><div class=\"fullwidth-block-inner\">[vc_column_text]\r\n\r\n<hr \/>\r\n\r\n<div class=\"title-h1\" style=\"text-align: center;\"><span class=\"light\">Media <\/span> about us<\/div>\r\n[\/vc_column_text]<\/div><\/div>[\/vc_column_inner][\/vc_row_inner][\/vc_column][\/vc_row][vc_row css=&#8221;.vc_custom_1456237598032{margin-bottom: 0px !important;}&#8221;][vc_column][vc_row_inner][vc_column_inner width=&#8221;1\/4&#8243;][vc_single_image image=&#8221;31162&#8243; img_size=&#8221;200&#215;50&#8243; alignment=&#8221;center&#8221; el_class=&#8221;image-border&#8221;][vc_single_image image=&#8221;31170&#8243; img_size=&#8221;full&#8221; alignment=&#8221;center&#8221;]<div class=\"clearboth\"><\/div><div class=\"gem-divider \" style=\"margin-bottom: 20px;\"><\/div><div class=\"gem-button-container gem-button-position-fullwidth\"><a class=\"gem-button gem-button-size-small gem-button-style-outline gem-button-text-weight-normal gem-button-border-2\" style=\"border-radius: 20px;border-color: #1cb7d8;color: #1cb7d8;\" onmouseleave=\"this.style.borderColor='#1cb7d8';this.style.backgroundColor='transparent';this.style.color='#1cb7d8';\" onmouseenter=\"this.style.backgroundColor='#1cb7d8';this.style.color='#ffffff';\" href=\"https:\/\/www.pulshr.pl\/edukacja\/basf-szkoli-pracownikow-w-wirtualnej-rzeczywistosci,59878.html\" target=\"_blank\">See Article<\/a><\/div> <div class=\"clearboth\"><\/div><div class=\"gem-divider \" style=\"margin-bottom: 20px;\"><\/div>[\/vc_column_inner][vc_column_inner width=&#8221;1\/4&#8243;][vc_single_image image=&#8221;31165&#8243; img_size=&#8221;200&#215;50&#8243; alignment=&#8221;center&#8221; el_class=&#8221;image-border&#8221;][vc_single_image image=&#8221;31136&#8243; img_size=&#8221;full&#8221; alignment=&#8221;center&#8221;]<div class=\"clearboth\"><\/div><div class=\"gem-divider \" style=\"margin-bottom: 20px;\"><\/div><div class=\"gem-button-container gem-button-position-fullwidth\"><a class=\"gem-button gem-button-size-small gem-button-style-outline gem-button-text-weight-normal gem-button-border-2\" style=\"border-radius: 20px;border-color: #1cb7d8;color: #1cb7d8;\" onmouseleave=\"this.style.borderColor='#1cb7d8';this.style.backgroundColor='transparent';this.style.color='#1cb7d8';\" onmouseenter=\"this.style.backgroundColor='#1cb7d8';this.style.color='#ffffff';\" href=\"https:\/\/www.rp.pl\/CYFROWA-Biznes\/311189968-Przeniosa-szkolenia-do-wirtualnej-rzeczywistosci.html\" target=\"_blank\">See Article<\/a><\/div> <div class=\"clearboth\"><\/div><div class=\"gem-divider \" style=\"margin-bottom: 20px;\"><\/div>[\/vc_column_inner][vc_column_inner width=&#8221;1\/4&#8243;][vc_single_image image=&#8221;31156&#8243; img_size=&#8221;200&#215;50&#8243; alignment=&#8221;center&#8221; el_class=&#8221;image-border&#8221;][vc_single_image image=&#8221;31127&#8243; img_size=&#8221;full&#8221; alignment=&#8221;center&#8221;]<div class=\"clearboth\"><\/div><div class=\"gem-divider \" style=\"margin-bottom: 20px;\"><\/div><div class=\"gem-button-container gem-button-position-fullwidth\"><a class=\"gem-button gem-button-size-small gem-button-style-outline gem-button-text-weight-normal gem-button-border-2\" style=\"border-radius: 20px;border-color: #1cb7d8;color: #1cb7d8;\" onmouseleave=\"this.style.borderColor='#1cb7d8';this.style.backgroundColor='transparent';this.style.color='#1cb7d8';\" onmouseenter=\"this.style.backgroundColor='#1cb7d8';this.style.color='#ffffff';\" href=\"https:\/\/innowacje.newseria.pl\/news\/szkolenia-ecommerce-i,p1447200664\" target=\"_blank\">See Article<\/a><\/div> <div class=\"clearboth\"><\/div><div class=\"gem-divider \" style=\"margin-bottom: 20px;\"><\/div>[\/vc_column_inner][vc_column_inner width=&#8221;1\/4&#8243;][vc_single_image image=&#8221;31159&#8243; img_size=&#8221;200&#215;50&#8243; alignment=&#8221;center&#8221; el_class=&#8221;image-border&#8221;][vc_single_image image=&#8221;31130&#8243; img_size=&#8221;full&#8221; alignment=&#8221;center&#8221;]<div class=\"clearboth\"><\/div><div class=\"gem-divider \" style=\"margin-bottom: 20px;\"><\/div><div class=\"gem-button-container gem-button-position-fullwidth\"><a class=\"gem-button gem-button-size-small gem-button-style-outline gem-button-text-weight-normal gem-button-border-2\" style=\"border-radius: 20px;border-color: #1cb7d8;color: #1cb7d8;\" onmouseleave=\"this.style.borderColor='#1cb7d8';this.style.backgroundColor='transparent';this.style.color='#1cb7d8';\" onmouseenter=\"this.style.backgroundColor='#1cb7d8';this.style.color='#ffffff';\" href=\"https:\/\/polskiprzemysl.com.pl\/wiadomosci\/software-do-rozszerzonej-rzeczywistosci-mojoapps\/\" target=\"_blank\">See Article<\/a><\/div> <div class=\"clearboth\"><\/div><div class=\"gem-divider \" style=\"margin-bottom: 20px;\"><\/div>[\/vc_column_inner][\/vc_row_inner]<div class=\"clearboth\"><\/div><div class=\"gem-divider \" style=\"margin-bottom: 30px;\"><\/div><div id=\"fullwidth-block-69d0db42b3898\" class=\"fullwidth-block fullwidth-block-parallax-vertical clearfix\" data-mobile-parallax-enable=\"0\" style=\"padding-top: 90px;padding-bottom: 90px;\"><script type=\"text\/javascript\">if (typeof(gem_fix_fullwidth_position) == \"function\") { gem_fix_fullwidth_position(document.getElementById(\"fullwidth-block-69d0db42b3898\")); }<\/script><div class=\"fullwidth-block-background\" style=\"background-image: url(https:\/\/mojoapps.co\/wp-content\/uploads\/2018\/06\/about_us_img152.jpg);background-repeat: no-repeat; background-size: cover;background-position: center center;\"><\/div><div class=\"fullwidth-block-inner\"><div class=\"preloader\"><div class=\"preloader-spin\"><\/div><\/div><div class=\"size-medium style1 gem-testimonials fullwidth-block\" style=background-color:> <div id=\"post-26026\" class=\"gem-testimonial-item post-26026 thegem_testimonial type-thegem_testimonial status-publish has-post-thumbnail hentry\"> <div class=\"gem-testimonial-wrapper\"> <div class=\"gem-testimonial-image\"> <img width=\"128\" height=\"128\" src=\"https:\/\/mojoapps.co\/wp-content\/uploads\/2016\/04\/maciej_buchowski.png\" class=\"img-responsive img-circle wp-post-image\" alt=\"maciej buchowski MojoApps\" srcset=\"https:\/\/mojoapps.co\/wp-content\/uploads\/2016\/04\/maciej_buchowski.png 2x\" sizes=\"100vw\" \/> <\/div> <div class=\"gem-testimonial-content\"> <div class=\"gem-testimonial-name\">Maciej Buchowski<\/div> <div class=\"gem-testimonial-company\">MojoApps.co<\/div> <div class=\"gem-testimonial-position\">CEO<\/div> <div class=\"gem-testimonial-text\"> Klienci chc\u0105 czego\u015b wi\u0119cej ni\u017c tylko aplikacji, oczekuj\u0105 niesamowitych, innowacyjnych rozwi\u0105za\u0144, kt\u00f3re pomagaj\u0105 im rozwija\u0107 biznes. Nasz\u0105 rol\u0105 jest dostarczanie takich rozwi\u0105za\u0144. <\/div> <\/div> <\/div> <\/div> <div class=\"testimonials_svg\"><svg style=\"fill: \" width=\"100\" height=\"50\"><path d=\"M 0,-1 Q 45,5 50,50 Q 55,5 100,-1\" \/><\/svg><\/div><\/div><\/div><\/div>[\/vc_column][\/vc_row][vc_row equal_height=&#8221;yes&#8221; css=&#8221;.vc_custom_1543320026208{margin-bottom: 0px !important;}&#8221; el_class=&#8221;section_padding chart-margines&#8221;][vc_column width=&#8221;1\/2&#8243; offset=&#8221;vc_col-lg-6&#8243; css=&#8221;.vc_custom_1543319875827{margin-right: 20px !important;margin-left: 20px !important;}&#8221; el_class=&#8221;why-are-vr&#8221;][vc_column_text]\r\n<div class=\"title-h2 title-h3\">Why AR and VR?<\/div>\r\n[\/vc_column_text][vc_row_inner][vc_column_inner][vc_column_text]According to BI Intelligence, Augmented Reality (AR) and Virtual Reality (VR) are expected to develop fast as worldwide AR\/VR spending is anticipated to rise by no less than 100% in four years.\r\n\r\nSpending on AR\/VR products and services will grow annually at a rate of 113% to reach $215B by 2021, starting from just $11B in 2017. The largest companies such as Apple, Google, and Facebook are already planning major longtime investments in these technologies.\r\n\r\nTechnology experts and enthusiasts agree that Augmented and Virtual Reality is the next big revolution in the world of technology and it is going to be as great, or even greater than the revolution initiated by the Internet. With hardware prices falling down, VR headsets, goggles and AR compatible devices are becoming more affordable and more widespread. AR and VR have a far greater potential than entertainment purposes only, with infinite possible applications in such industries like real estate, digital marketing and many other.\r\n\r\nThe above facts give substantial reasons to start investing in AR and VR today.\u00a0<span style=\"font-weight: 400;\">At our company, we strive to make sure that the service we deliver is not just a complete high quality service, but also an innovative solution that can assure return on investment for our clients.<\/span>[\/vc_column_text][vc_empty_space height=&#8221;45px&#8221;][\/vc_column_inner][\/vc_row_inner][\/vc_column][vc_column width=&#8221;1\/2&#8243; css=&#8221;.vc_custom_1514893624549{margin-right: 20px !important;margin-left: 20px !important;}&#8221;][vc_column_text]\r\n<div class=\"title-h2 title-h3\">Projected AR\/VR Market Growth (Global spending in billions USD)<\/div>\r\n[\/vc_column_text][vc_row_inner equal_height=&#8221;yes&#8221;][vc_column_inner][vc_line_chart type=&#8221;line&#8221; style=&#8221;modern&#8221; x_values=&#8221;2017; 2018; 2019; 2020; 2021&#8243; values=&#8221;%5B%7B%22title%22%3A%22AR%22%2C%22y_values%22%3A%228%3B%2017%3B%2038%3B%2078%3B%20155%22%2C%22color%22%3A%22turquoise%22%7D%2C%7B%22title%22%3A%22VR%22%2C%22y_values%22%3A%223%3B%207%3B%2016%3B%2034%3B%2060%22%2C%22color%22%3A%22sky%22%7D%5D&#8221;][\/vc_column_inner][\/vc_row_inner][\/vc_column][\/vc_row][vc_row][vc_column el_class=&#8221;video_button&#8221;]<div id=\"fullwidth-block-69d0db42b53e8\" class=\"fullwidth-block clearfix\"  style=\"\"><script type=\"text\/javascript\">if (typeof(gem_fix_fullwidth_position) == \"function\") { gem_fix_fullwidth_position(document.getElementById(\"fullwidth-block-69d0db42b53e8\")); }<\/script><div class=\"gem-video-background\" data-aspect-ratio=\"16:9\"><div class=\"gem-video-background-inner\"><video autoplay=\"autoplay\" loop=\"loop\" src=\"https:\/\/mojoapps.co\/wp-content\/uploads\/2016\/04\/Working-it.mp4\" muted=\"muted\" poster=\"https:\/\/mojoapps.co\/wp-content\/uploads\/2018\/06\/about_us_img3-1.jpg\"><\/video><\/div><div class=\"gem-video-background-overlay\" style=\"background-color: #3c3950; opacity: 0;\"><\/div><\/div><div class=\"fullwidth-block-inner\">[vc_empty_space height=&#8221;220px&#8221; el_class=&#8221;empty_space_responsive&#8221;][vc_column_text]\r\n<div class=\"styled-subtitle\" style=\"text-align: center;\"><span style=\"color: #ffffff;\">The right team for your project<\/span><\/div>\r\n[\/vc_column_text][vc_column_text]\r\n<div class=\"title-h1\" style=\"text-align: center;\"><span style=\"color: #ffffff;\">we love what we do<\/span><\/div>\r\n[\/vc_column_text][vc_empty_space height=&#8221;20px&#8221;]<div class=\"centered-box\"><div class=\"gem-icon gem-icon-pack-material gem-icon-size-large  gem-icon-shape-circle\" style=\"border-color: rgba(28,183,216,0.75);border-color: rgba(255,255,255,0.25);opacity: 1;\"><div class=\"gem-icon-inner\" style=\"background-color: rgba(28,183,216,0.75);\"><a href=\"https:\/\/mojoapps.co\/contact-us\/\" target=\"_self\"><span class=\"gem-icon-half-1\" style=\"color: #ffffff;\"><span class=\"back-angle\">&#x2008;<\/span><\/span><span class=\"gem-icon-half-2\" style=\"color: #ffffff;\"><span class=\"back-angle\">&#x2008;<\/span><\/span><\/a><\/div><\/div><\/div>[vc_empty_space height=&#8221;230px&#8221; el_class=&#8221;empty_space_responsive&#8221;]<\/div><\/div>[\/vc_column][\/vc_row]","protected":false},"excerpt":{"rendered":"<p>Klienci chc\u0105 czego\u015b wi\u0119cej ni\u017c tylko aplikacji, oczekuj\u0105 niesamowitych, innowacyjnych rozwi\u0105za\u0144, kt\u00f3re pomagaj\u0105 im rozwija\u0107 biznes. Nasz\u0105 rol\u0105 jest dostarczanie&#8230;<\/p>\n","protected":false},"author":1,"featured_media":0,"parent":0,"menu_order":0,"comment_status":"closed","ping_status":"closed","template":"","meta":[],"_links":{"self":[{"href":"https:\/\/mojoapps.co\/pl\/wp-json\/wp\/v2\/pages\/25752"}],"collection":[{"href":"https:\/\/mojoapps.co\/pl\/wp-json\/wp\/v2\/pages"}],"about":[{"href":"https:\/\/mojoapps.co\/pl\/wp-json\/wp\/v2\/types\/page"}],"author":[{"embeddable":true,"href":"https:\/\/mojoapps.co\/pl\/wp-json\/wp\/v2\/users\/1"}],"replies":[{"embeddable":true,"href":"https:\/\/mojoapps.co\/pl\/wp-json\/wp\/v2\/comments?post=25752"}],"version-history":[{"count":47,"href":"https:\/\/mojoapps.co\/pl\/wp-json\/wp\/v2\/pages\/25752\/revisions"}],"predecessor-version":[{"id":33066,"href":"https:\/\/mojoapps.co\/pl\/wp-json\/wp\/v2\/pages\/25752\/revisions\/33066"}],"wp:attachment":[{"href":"https:\/\/mojoapps.co\/pl\/wp-json\/wp\/v2\/media?parent=25752"}],"curies":[{"name":"wp","href":"https:\/\/api.w.org\/{rel}","templated":true}]}}