{"id":25950,"date":"2018-02-14T13:59:29","date_gmt":"2018-02-14T12:59:29","guid":{"rendered":"https:\/\/mojoapps.co\/?page_id=25950"},"modified":"2019-04-08T14:24:37","modified_gmt":"2019-04-08T12:24:37","slug":"kontakt","status":"publish","type":"page","link":"https:\/\/mojoapps.co\/pl\/kontakt\/","title":{"rendered":"Kontakt"},"content":{"rendered":"<p>[vc_row full_width=&#8221;stretch_row_content_no_spaces&#8221; equal_height=&#8221;yes&#8221; css=&#8221;.vc_custom_1511358565074{margin-bottom: 0px !important;padding-top: 0px !important;}&#8221;][vc_column width=&#8221;1\/2&#8243; css=&#8221;.vc_custom_1554722310969{padding-top: 0px !important;padding-bottom: 0px !important;background-color: #fefefe !important;}&#8221; offset=&#8221;vc_col-lg-4 vc_col-md-4 vc_hidden-xs&#8221;]<div class=\"clearboth\"><\/div><div class=\"gem-divider \" style=\"margin-bottom: 100px;\"><\/div>[vc_single_image image=&#8221;32828&#8243; img_size=&#8221;80&#215;80&#8243; alignment=&#8221;center&#8221;][vc_column_text]<\/p>\r\n<h4 style=\"text-align: center;\">JESTE\u015aMY TUTAJ<\/h4>\r\n<p style=\"text-align: center;\">Polska: Business Link, Al. Ks. J. Poniatowskiego,<br \/>\r\n03-901 Warszawa<br \/>\r\nSzwajcaria: Office LAB Baslerpark, Baslerstrasse 60,<br \/>\r\n8048 Z\u00fcrich<\/p>\r\n<p>[\/vc_column_text][\/vc_column][vc_column width=&#8221;1\/2&#8243; css=&#8221;.vc_custom_1554722315552{padding-top: 249px !important;padding-bottom: 249px !important;background-image: url(https:\/\/mojoapps.co\/wp-content\/uploads\/2019\/01\/5995b204545be.jpg?id=30342) !important;background-position: center !important;background-repeat: no-repeat !important;background-size: cover !important;}&#8221; offset=&#8221;vc_col-lg-4 vc_col-md-4 vc_hidden-xs&#8221; el_class=&#8221;responsive_background_image&#8221;][\/vc_column][vc_column css=&#8221;.vc_custom_1554722321015{padding-top: 0px !important;padding-bottom: 0px !important;background-color: #fefefe !important;}&#8221; offset=&#8221;vc_col-lg-4 vc_col-md-4 vc_hidden-xs&#8221;]<div class=\"clearboth\"><\/div><div class=\"gem-divider \" style=\"margin-bottom: 100px;\"><\/div>[vc_single_image image=&#8221;32831&#8243; img_size=&#8221;80&#215;80&#8243; alignment=&#8221;center&#8221;][vc_column_text]<\/p>\r\n<h4 style=\"text-align: center;\">ZADZWO\u0143<\/h4>\r\n<p style=\"text-align: center;\">\u015awiat: +48 692 476 750<br \/>\r\nSzwajcaria: +41 78 863 30 75<\/p>\r\n<p>[\/vc_column_text][\/vc_column][\/vc_row][vc_row full_width=&#8221;stretch_row_content_no_spaces&#8221; equal_height=&#8221;yes&#8221; css=&#8221;.vc_custom_1511358565074{margin-bottom: 0px !important;padding-top: 0px !important;}&#8221;][vc_column width=&#8221;1\/2&#8243; css=&#8221;.vc_custom_1554722331100{padding-top: 0px !important;padding-bottom: 0px !important;background-color: #fefefe !important;}&#8221; offset=&#8221;vc_col-lg-4 vc_hidden-lg vc_col-md-4 vc_hidden-md vc_hidden-sm&#8221;]<div class=\"clearboth\"><\/div><div class=\"gem-divider \" style=\"margin-bottom: 10px;\"><\/div>[vc_single_image image=&#8221;32828&#8243; img_size=&#8221;80&#215;80&#8243; alignment=&#8221;center&#8221;][vc_column_text]<\/p>\r\n<h4 style=\"text-align: center;\">JESTE\u015aMY TUTAJ<\/h4>\r\n<p style=\"text-align: center;\">Polska: Business Link, Al. Ks. J. Poniatowskiego,<br \/>\r\n03-901 Warszawa<br \/>\r\nSzwajcaria: Office LAB Baslerpark, Baslerstrasse 60,<br \/>\r\n8048 Z\u00fcrich<\/p>\r\n<p>[\/vc_column_text][\/vc_column][vc_column width=&#8221;1\/2&#8243; css=&#8221;.vc_custom_1554722336801{padding-top: 249px !important;padding-bottom: 249px !important;background-image: url(https:\/\/mojoapps.co\/wp-content\/uploads\/2019\/01\/5995b204545be.jpg?id=30342) !important;background-position: center !important;background-repeat: no-repeat !important;background-size: cover !important;}&#8221; offset=&#8221;vc_col-lg-4 vc_hidden-lg vc_col-md-4 vc_hidden-md vc_hidden-sm&#8221; el_class=&#8221;responsive_background_image&#8221;][\/vc_column][vc_column css=&#8221;.vc_custom_1554722342241{padding-top: 0px !important;padding-bottom: 0px !important;background-color: #fefefe !important;}&#8221; offset=&#8221;vc_col-lg-4 vc_hidden-lg vc_col-md-4 vc_hidden-md vc_hidden-sm&#8221;]<div class=\"clearboth\"><\/div><div class=\"gem-divider \" style=\"margin-bottom: 10px;\"><\/div>[vc_single_image image=&#8221;32831&#8243; img_size=&#8221;80&#215;80&#8243; alignment=&#8221;center&#8221;][vc_column_text]<\/p>\r\n<h4 style=\"text-align: center;\">ZADZWO\u0143<\/h4>\r\n<p style=\"text-align: center;\">\u015awiat: +48 692 476 750<br \/>\r\nSzwajcaria: +41 78 863 30 75<\/p>\r\n<p>[\/vc_column_text][\/vc_column][\/vc_row][vc_row full_width=&#8221;stretch_row_content_no_spaces&#8221; equal_height=&#8221;yes&#8221; css=&#8221;.vc_custom_1458120197278{margin-bottom: 0px !important;}&#8221;][vc_column width=&#8221;1\/2&#8243; css=&#8221;.vc_custom_1554722356787{padding-top: 249px !important;padding-bottom: 249px !important;background-image: url(https:\/\/mojoapps.co\/wp-content\/uploads\/2018\/06\/3-18.jpg?id=26149) !important;background-position: center !important;background-repeat: no-repeat !important;background-size: cover !important;}&#8221; offset=&#8221;vc_col-lg-4 vc_col-md-4 vc_hidden-xs&#8221; el_class=&#8221;responsive_background_image&#8221;][\/vc_column][vc_column width=&#8221;1\/2&#8243; css=&#8221;.vc_custom_1554722361132{padding-top: 0px !important;padding-bottom: 0px !important;background-color: #fefefe !important;background-position: center !important;background-repeat: no-repeat !important;background-size: cover !important;}&#8221; offset=&#8221;vc_col-lg-4 vc_col-md-4 vc_hidden-xs&#8221;]<div class=\"clearboth\"><\/div><div class=\"gem-divider \" style=\"margin-bottom: 100px;\"><\/div>[vc_single_image image=&#8221;32834&#8243; img_size=&#8221;80&#215;80&#8243; alignment=&#8221;center&#8221;][vc_column_text]<\/p>\r\n<h4 style=\"text-align: center;\">NAPISZ DO NAS<\/h4>\r\n<p style=\"text-align: center;\">\u015awiat: hello@mojoapps.co<br \/>\r\nSzwajcaria: rafal.solis@mojoapps.co<\/p>\r\n<p>[\/vc_column_text][\/vc_column][vc_column css=&#8221;.vc_custom_1554722366771{padding-top: 249px !important;padding-bottom: 249px !important;background-image: url(https:\/\/mojoapps.co\/wp-content\/uploads\/2018\/06\/4-20.jpg?id=26150) !important;background-position: center !important;background-repeat: no-repeat !important;background-size: cover !important;}&#8221; offset=&#8221;vc_col-lg-4 vc_col-md-4 vc_hidden-xs&#8221; el_class=&#8221;responsive_background_image&#8221;][\/vc_column][\/vc_row][vc_row full_width=&#8221;stretch_row_content_no_spaces&#8221; equal_height=&#8221;yes&#8221; css=&#8221;.vc_custom_1458120197278{margin-bottom: 0px !important;}&#8221;][vc_column width=&#8221;1\/2&#8243; css=&#8221;.vc_custom_1554722374801{padding-top: 249px !important;padding-bottom: 249px !important;background-image: url(https:\/\/mojoapps.co\/wp-content\/uploads\/2018\/06\/3-18.jpg?id=26149) !important;background-position: center !important;background-repeat: no-repeat !important;background-size: cover !important;}&#8221; offset=&#8221;vc_col-lg-4 vc_hidden-lg vc_col-md-4 vc_hidden-md vc_hidden-sm&#8221; el_class=&#8221;responsive_background_image&#8221;][\/vc_column][vc_column width=&#8221;1\/2&#8243; css=&#8221;.vc_custom_1554722384805{padding-top: 0px !important;padding-bottom: 0px !important;background-color: #fefefe !important;background-position: center !important;background-repeat: no-repeat !important;background-size: cover !important;}&#8221; offset=&#8221;vc_col-lg-4 vc_hidden-lg vc_col-md-4 vc_hidden-md vc_hidden-sm&#8221;]<div class=\"clearboth\"><\/div><div class=\"gem-divider \" style=\"margin-bottom: 10px;\"><\/div>[vc_single_image image=&#8221;32834&#8243; img_size=&#8221;80&#215;80&#8243; alignment=&#8221;center&#8221;][vc_column_text]<\/p>\r\n<h4 style=\"text-align: center;\">NAPISZ DO NAS<\/h4>\r\n<p style=\"text-align: center;\">\u015awiat: hello@mojoapps.co<br \/>\r\nSzwajcaria: rafal.solis@mojoapps.co<\/p>\r\n<p>[\/vc_column_text][\/vc_column][vc_column css=&#8221;.vc_custom_1554722390672{padding-top: 249px !important;padding-bottom: 249px !important;background-image: url(https:\/\/mojoapps.co\/wp-content\/uploads\/2018\/06\/4-20.jpg?id=26150) !important;background-position: center !important;background-repeat: no-repeat !important;background-size: cover !important;}&#8221; offset=&#8221;vc_col-lg-4 vc_hidden-lg vc_col-md-4 vc_hidden-md vc_hidden-sm&#8221; el_class=&#8221;responsive_background_image&#8221;][\/vc_column][\/vc_row][vc_row css=&#8221;.vc_custom_1541585370362{margin-bottom: 0px !important;}&#8221;][vc_column css=&#8221;.vc_custom_1461336118881{padding-top: 0px !important;}&#8221;]<div id=\"fullwidth-block-69da1f1386706\" class=\"fullwidth-block fullwidth-block-parallax-vertical clearfix\" data-mobile-parallax-enable=\"0\" style=\"padding-top: 90px;padding-bottom: 100px;\"><script type=\"text\/javascript\">if (typeof(gem_fix_fullwidth_position) == \"function\") { gem_fix_fullwidth_position(document.getElementById(\"fullwidth-block-69da1f1386706\")); }<\/script><div class=\"fullwidth-block-background\" style=\"background-image: url(https:\/\/mojoapps.co\/wp-content\/uploads\/2018\/06\/6-20.jpg);background-repeat: no-repeat; background-size: cover;background-position: center top;\"><\/div><div class=\"fullwidth-block-inner\"><div class=\"container\">[vc_column_text]<\/p>\r\n<div class=\"title-h2\" style=\"text-align: center;\"><span style=\"color: #ffffff;\">B\u0105d\u017a na bie\u017c\u0105co<\/span><\/div>\r\n<p>[\/vc_column_text][vc_column_text]<\/p>\r\n<p style=\"text-align: center;\"><span style=\"color: #ffffff;\">Gdziekolwiek jeste\u015b, przegl\u0105daj nasze kana\u0142y w social media i dowiedz si\u0119 wi\u0119cej o naszych najnowszych projektach.<\/span><\/p>\r\n<p>[\/vc_column_text]<div class=\"clearboth\"><\/div><div class=\"gem-divider divider-responsive\" style=\"margin-top: 70px;\"><\/div>[vc_row_inner el_class=&#8221;.soc_icons&#8221;][vc_column_inner width=&#8221;1\/3&#8243; css=&#8221;.vc_custom_1514895606396{padding-top: 20px !important;}&#8221; offset=&#8221;vc_col-xs-4&#8243;]<div class=\"socials socials-list socials-colored-hover socials-default socials-alignment-center\"><a class=\"socials-item\" target=\"_blank\" href=\"https:\/\/www.facebook.com\/mojoappsarvr\/\" style=\"color: #1cb7d8;\"><i class=\"socials-item-icon facebook\" style=\"font-size: 24px\"><\/i><\/a><\/div>[\/vc_column_inner][vc_column_inner width=&#8221;1\/3&#8243; css=&#8221;.vc_custom_1514895614148{padding-top: 20px !important;}&#8221; offset=&#8221;vc_col-xs-4&#8243;]<div class=\"socials socials-list socials-colored-hover socials-default socials-alignment-center\"><a class=\"socials-item\" target=\"_blank\" href=\"https:\/\/www.linkedin.com\/company\/18362452\/\" style=\"color: #1cb7d8;\"><i class=\"socials-item-icon linkedin\" style=\"font-size: 24px\"><\/i><\/a><\/div>[\/vc_column_inner][vc_column_inner width=&#8221;1\/3&#8243; css=&#8221;.vc_custom_1514895620062{padding-top: 20px !important;}&#8221; offset=&#8221;vc_col-xs-4&#8243;]<div class=\"socials socials-list socials-colored-hover socials-default socials-alignment-center\"><a class=\"socials-item\" target=\"_blank\" href=\"https:\/\/www.youtube.com\/channel\/UCBKKcgQp0Z9eJm-POXmchlw\/videos\" style=\"color: #1cb7d8;\"><i class=\"socials-item-icon youtube\" style=\"font-size: 24px\"><\/i><\/a><\/div>[\/vc_column_inner][\/vc_row_inner]<\/div><\/div><\/div>[\/vc_column][\/vc_row][vc_row el_class=&#8221;contact_us_section section_padding&#8221; css=&#8221;.vc_custom_1541588469153{background-color: #fefefe !important;}&#8221;][vc_column]<div id=\"fullwidth-block-69da1f13867fe\" class=\"fullwidth-block clearfix\"  style=\"\"><script type=\"text\/javascript\">if (typeof(gem_fix_fullwidth_position) == \"function\") { gem_fix_fullwidth_position(document.getElementById(\"fullwidth-block-69da1f13867fe\")); }<\/script><div class=\"fullwidth-block-inner\"><div class=\"container\">[vc_row_inner][vc_column_inner width=&#8221;1\/2&#8243; offset=&#8221;vc_hidden-xs&#8221;]<div class=\"gem-image gem-wrapbox gem-wrapbox-style-default gem-wrapbox-position-below\" style=\"width: 150px;height: 150px;\"><div class=\"gem-wrapbox-inner \" ><img class=\"gem-wrapbox-element img-responsive\" src=\"https:\/\/mojoapps.co\/wp-content\/uploads\/2018\/06\/Znak_black_small.png\" alt=\"\"\/><\/div><\/div>[vc_column_text]<\/p>\r\n<div style=\"clear: both;\">\r\n<div class=\"title-h2 title-h2-contact\"><span class=\"light\">Skontaktuj si\u0119<\/span> z nami<\/div>\r\n<div><\/div>\r\n<div>Masz pomys\u0142? Porozmawiajmy o nim. Napisz do nas na <a href=\"mailto:hello@mojoapps.co\">hello@mojoapps.co<\/a>.<\/div>\r\n<div class=\"title-h2 title-h2-contact\"><span class=\"light\">OFERTY<\/span> PRACY<\/div>\r\n<div>\r\n<p><span style=\"font-weight: 400;\"> Uwielbiasz rozszerzon\u0105 i wirtualn\u0105 rzeczywisto\u015b\u0107? Chcesz si\u0119 rozwija\u0107 w innowacyjnych technologiach ? Mamy dost\u0119pne dla Ciebie takie stanowiska:<\/span><\/p>\r\n<ul>\r\n<li><a href=\"https:\/\/mojoapps.co\/pl\/senior-programista-unity3d\/\">Unity Developer<\/a><\/li>\r\n<li><a href=\"https:\/\/mojoapps.co\/pl\/project-manager-vr-ar\/\">Project Manager VR\/AR<\/a><\/li>\r\n<li><a href=\"https:\/\/mojoapps.co\/pl\/grafik-3d-i-2d\/\">Grafik 3D &amp; 2D do VR i AR<\/a><\/li>\r\n<\/ul>\r\n<\/div>\r\n<\/div>\r\n<p>[\/vc_column_text][vc_column_text][\/vc_column_text]<div class=\"clearboth\"><\/div><div class=\"gem-divider \" style=\"margin-top: 45px;\"><\/div>[\/vc_column_inner][vc_column_inner width=&#8221;1\/2&#8243; offset=&#8221;vc_hidden-xs&#8221;]<div role=\"form\" class=\"wpcf7\" id=\"wpcf7-f25984-o1\" lang=\"en-US\" dir=\"ltr\">\n<div class=\"screen-reader-response\"><p role=\"status\" aria-live=\"polite\" aria-atomic=\"true\"><\/p> <ul><\/ul><\/div>\n<form action=\"\/pl\/wp-json\/wp\/v2\/pages\/25950#wpcf7-f25984-o1\" method=\"post\" class=\"wpcf7-form init\" novalidate=\"novalidate\" data-status=\"init\">\n<div style=\"display: none;\">\n<input type=\"hidden\" name=\"_wpcf7\" value=\"25984\" \/>\n<input type=\"hidden\" name=\"_wpcf7_version\" value=\"5.3.2\" \/>\n<input type=\"hidden\" name=\"_wpcf7_locale\" value=\"en_US\" \/>\n<input type=\"hidden\" name=\"_wpcf7_unit_tag\" value=\"wpcf7-f25984-o1\" \/>\n<input type=\"hidden\" name=\"_wpcf7_container_post\" value=\"0\" \/>\n<input type=\"hidden\" name=\"_wpcf7_posted_data_hash\" value=\"\" \/>\n<\/div>\n<div class=\"contact-form-style-2\">\n<p class=\"cf-style2\"><span class=\"wpcf7-form-control-wrap your-name\"><input type=\"text\" name=\"your-name\" value=\"\" size=\"40\" class=\"wpcf7-form-control wpcf7-text wpcf7-validates-as-required\" aria-required=\"true\" aria-invalid=\"false\" placeholder=\"Imi\u0119*\" \/><\/span><\/p>\n<p class=\"cf-style2-phone\"><span class=\"wpcf7-form-control-wrap phone\"><input type=\"tel\" name=\"phone\" value=\"\" size=\"40\" class=\"wpcf7-form-control wpcf7-text wpcf7-tel wpcf7-validates-as-tel\" aria-invalid=\"false\" placeholder=\"Telefon*\" \/><\/span><\/p>\n<p class=\"cf-style2-email\"><span class=\"wpcf7-form-control-wrap email\"><input type=\"email\" name=\"email\" value=\"\" size=\"40\" class=\"wpcf7-form-control wpcf7-text wpcf7-email wpcf7-validates-as-required wpcf7-validates-as-email\" aria-required=\"true\" aria-invalid=\"false\" placeholder=\"E-mail*\" \/><\/span><\/p>\n<p class=\"cf-style2-adreess\"><span class=\"wpcf7-form-control-wrap Where\"><select name=\"Where\" class=\"wpcf7-form-control wpcf7-select wpcf7-validates-as-required gem-combobox\" aria-required=\"true\" aria-invalid=\"false\"><option value=\"Ameryka P\u00f3\u0142nocna\">Ameryka P\u00f3\u0142nocna<\/option><option value=\"Europa\">Europa<\/option><option value=\"Asia\">Asia<\/option><option value=\"Australia\">Australia<\/option><option value=\"Ameryka Po\u0142udniowa\">Ameryka Po\u0142udniowa<\/option><option value=\"Afryka\">Afryka<\/option><\/select><\/span><\/p>\n<p>\n<h5>Zakres zainteresowa\u0144<\/h5>\n<\/p>\n<p class=\"cf-style2-checkbox\"><span class=\"wpcf7-form-control-wrap ScopesOfInterests\"><span class=\"wpcf7-form-control wpcf7-checkbox gem-checkbox\"><span class=\"wpcf7-list-item first\"><input type=\"checkbox\" name=\"ScopesOfInterests:[]\" value=\"Rozszerzona Rzeczywisto\u015b\u0107\" \/><span class=\"wpcf7-list-item-label\">Rozszerzona Rzeczywisto\u015b\u0107<\/span><\/span><span class=\"wpcf7-list-item\"><input type=\"checkbox\" name=\"ScopesOfInterests:[]\" value=\"Wirtualna Rzeczywisto\u015b\u0107\" \/><span class=\"wpcf7-list-item-label\">Wirtualna Rzeczywisto\u015b\u0107<\/span><\/span><span class=\"wpcf7-list-item\"><input type=\"checkbox\" name=\"ScopesOfInterests:[]\" value=\"3D\" \/><span class=\"wpcf7-list-item-label\">3D<\/span><\/span><span class=\"wpcf7-list-item last\"><input type=\"checkbox\" name=\"ScopesOfInterests:[]\" value=\"360 video\" \/><span class=\"wpcf7-list-item-label\">360 video<\/span><\/span><\/span><\/span><\/p>\n<p class=\"cf-style2-textarea\"><span class=\"wpcf7-form-control-wrap Messege\"><textarea name=\"Messege\" cols=\"40\" rows=\"10\" class=\"wpcf7-form-control wpcf7-textarea wpcf7-validates-as-required\" aria-required=\"true\" aria-invalid=\"false\" placeholder=\"Wiadomo\u015b\u0107\"><\/textarea><\/span><\/p>\n<p><span id=\"wpcf7-69da1f1387080\" class=\"wpcf7-form-control-wrap honeypot-152-wrap\" style=\"display:none !important; visibility:hidden !important;\"><label  class=\"hp-message\">Please leave this field empty.<\/label><input class=\"wpcf7-form-control wpcf7-text\"  type=\"text\" name=\"honeypot-152\" value=\"\" size=\"40\" tabindex=\"-1\" autocomplete=\"nope\" \/><\/span><br \/>\n<input type=\"submit\" value=\"Wy\u015blij wiadomo\u015b\u0107\" class=\"wpcf7-form-control wpcf7-submit\" \/>\n<\/p><\/div>\n<div class=\"wpcf7-response-output\" aria-hidden=\"true\"><\/div><\/form><\/div>[\/vc_column_inner][\/vc_row_inner][vc_row_inner][vc_column_inner offset=&#8221;vc_hidden-lg vc_hidden-md vc_hidden-sm&#8221;]<div class=\"gem-image gem-wrapbox gem-wrapbox-style-default gem-wrapbox-position-below\" style=\"width: 150px;height: 150px;\"><div class=\"gem-wrapbox-inner \" ><img class=\"gem-wrapbox-element img-responsive\" src=\"https:\/\/mojoapps.co\/wp-content\/uploads\/2018\/06\/Znak_black_small.png\" alt=\"\"\/><\/div><\/div>[vc_column_text]<br \/>\r\n<div style=\"clear: both;\">\r\n<div class=\"title-h2 title-h2-contact\"><span class=\"light\">Skontaktuj si\u0119<\/span> z nami<\/div>\r\n<div><\/div>\r\n<div>Masz pomys\u0142? Porozmawiajmy o nim. Napisz do nas na <a href=\"mailto:hello@mojoapps.co\">hello@mojoapps.co<\/a>.<\/div>\r\n<p>[\/vc_column_text]<div role=\"form\" class=\"wpcf7\" id=\"wpcf7-f25984-o2\" lang=\"en-US\" dir=\"ltr\">\n<div class=\"screen-reader-response\"><p role=\"status\" aria-live=\"polite\" aria-atomic=\"true\"><\/p> <ul><\/ul><\/div>\n<form action=\"\/pl\/wp-json\/wp\/v2\/pages\/25950#wpcf7-f25984-o2\" method=\"post\" class=\"wpcf7-form init\" novalidate=\"novalidate\" data-status=\"init\">\n<div style=\"display: none;\">\n<input type=\"hidden\" name=\"_wpcf7\" value=\"25984\" \/>\n<input type=\"hidden\" name=\"_wpcf7_version\" value=\"5.3.2\" \/>\n<input type=\"hidden\" name=\"_wpcf7_locale\" value=\"en_US\" \/>\n<input type=\"hidden\" name=\"_wpcf7_unit_tag\" value=\"wpcf7-f25984-o2\" \/>\n<input type=\"hidden\" name=\"_wpcf7_container_post\" value=\"0\" \/>\n<input type=\"hidden\" name=\"_wpcf7_posted_data_hash\" value=\"\" \/>\n<\/div>\n<div class=\"contact-form-style-2\">\n<p class=\"cf-style2\"><span class=\"wpcf7-form-control-wrap your-name\"><input type=\"text\" name=\"your-name\" value=\"\" size=\"40\" class=\"wpcf7-form-control wpcf7-text wpcf7-validates-as-required\" aria-required=\"true\" aria-invalid=\"false\" placeholder=\"Imi\u0119*\" \/><\/span><\/p>\n<p class=\"cf-style2-phone\"><span class=\"wpcf7-form-control-wrap phone\"><input type=\"tel\" name=\"phone\" value=\"\" size=\"40\" class=\"wpcf7-form-control wpcf7-text wpcf7-tel wpcf7-validates-as-tel\" aria-invalid=\"false\" placeholder=\"Telefon*\" \/><\/span><\/p>\n<p class=\"cf-style2-email\"><span class=\"wpcf7-form-control-wrap email\"><input type=\"email\" name=\"email\" value=\"\" size=\"40\" class=\"wpcf7-form-control wpcf7-text wpcf7-email wpcf7-validates-as-required wpcf7-validates-as-email\" aria-required=\"true\" aria-invalid=\"false\" placeholder=\"E-mail*\" \/><\/span><\/p>\n<p class=\"cf-style2-adreess\"><span class=\"wpcf7-form-control-wrap Where\"><select name=\"Where\" class=\"wpcf7-form-control wpcf7-select wpcf7-validates-as-required gem-combobox\" aria-required=\"true\" aria-invalid=\"false\"><option value=\"Ameryka P\u00f3\u0142nocna\">Ameryka P\u00f3\u0142nocna<\/option><option value=\"Europa\">Europa<\/option><option value=\"Asia\">Asia<\/option><option value=\"Australia\">Australia<\/option><option value=\"Ameryka Po\u0142udniowa\">Ameryka Po\u0142udniowa<\/option><option value=\"Afryka\">Afryka<\/option><\/select><\/span><\/p>\n<p>\n<h5>Zakres zainteresowa\u0144<\/h5>\n<\/p>\n<p class=\"cf-style2-checkbox\"><span class=\"wpcf7-form-control-wrap ScopesOfInterests\"><span class=\"wpcf7-form-control wpcf7-checkbox gem-checkbox\"><span class=\"wpcf7-list-item first\"><input type=\"checkbox\" name=\"ScopesOfInterests:[]\" value=\"Rozszerzona Rzeczywisto\u015b\u0107\" \/><span class=\"wpcf7-list-item-label\">Rozszerzona Rzeczywisto\u015b\u0107<\/span><\/span><span class=\"wpcf7-list-item\"><input type=\"checkbox\" name=\"ScopesOfInterests:[]\" value=\"Wirtualna Rzeczywisto\u015b\u0107\" \/><span class=\"wpcf7-list-item-label\">Wirtualna Rzeczywisto\u015b\u0107<\/span><\/span><span class=\"wpcf7-list-item\"><input type=\"checkbox\" name=\"ScopesOfInterests:[]\" value=\"3D\" \/><span class=\"wpcf7-list-item-label\">3D<\/span><\/span><span class=\"wpcf7-list-item last\"><input type=\"checkbox\" name=\"ScopesOfInterests:[]\" value=\"360 video\" \/><span class=\"wpcf7-list-item-label\">360 video<\/span><\/span><\/span><\/span><\/p>\n<p class=\"cf-style2-textarea\"><span class=\"wpcf7-form-control-wrap Messege\"><textarea name=\"Messege\" cols=\"40\" rows=\"10\" class=\"wpcf7-form-control wpcf7-textarea wpcf7-validates-as-required\" aria-required=\"true\" aria-invalid=\"false\" placeholder=\"Wiadomo\u015b\u0107\"><\/textarea><\/span><\/p>\n<p><span id=\"wpcf7-69da1f13873d4\" class=\"wpcf7-form-control-wrap honeypot-152-wrap\" style=\"display:none !important; visibility:hidden !important;\"><label  class=\"hp-message\">Please leave this field empty.<\/label><input class=\"wpcf7-form-control wpcf7-text\"  type=\"text\" name=\"honeypot-152\" value=\"\" size=\"40\" tabindex=\"-1\" autocomplete=\"nope\" \/><\/span><br \/>\n<input type=\"submit\" value=\"Wy\u015blij wiadomo\u015b\u0107\" class=\"wpcf7-form-control wpcf7-submit\" \/>\n<\/p><\/div>\n<div class=\"wpcf7-response-output\" aria-hidden=\"true\"><\/div><\/form><\/div><div class=\"clearboth\"><\/div><div class=\"gem-divider \" style=\"margin-top: 30px;\"><\/div>[vc_column_text]<br \/>\r\n<div class=\"title-h2 title-h2-contact\"><span class=\"light\">OFERTY<\/span> PRACY<\/div>\r\n<div>\r\n<p><span style=\"font-weight: 400;\"> Uwielbiasz rozszerzon\u0105 i wirtualn\u0105 rzeczywisto\u015b\u0107? Chcesz si\u0119 rozwija\u0107 w innowacyjnych technologiach ? Mamy dost\u0119pne dla Ciebie takie stanowiska:<\/span><\/p>\r\n<ul>\r\n<li><a href=\"https:\/\/mojoapps.co\/pl\/senior-programista-unity3d\/\">Unity Developer<\/a><\/li>\r\n<li><a href=\"https:\/\/mojoapps.co\/pl\/project-manager-vr-ar\/\">Project Manager VR\/AR<\/a><\/li>\r\n<li><a href=\"https:\/\/mojoapps.co\/pl\/grafik-3d-i-2d\/\">Grafik 3D &amp; 2D do VR i AR<\/a><\/li>\r\n<\/ul>\r\n<\/div>\r\n<\/div>\r\n<p>[\/vc_column_text]<div class=\"clearboth\"><\/div><div class=\"gem-divider \" style=\"margin-top: 30px;\"><\/div>[vc_column_text][\/vc_column_text][\/vc_column_inner][\/vc_row_inner]<\/div><\/div><\/div>[\/vc_column][\/vc_row]<\/p>\r\n","protected":false},"excerpt":{"rendered":"<p>[vc_row full_width=&#8221;stretch_row_content_no_spaces&#8221; equal_height=&#8221;yes&#8221; css=&#8221;.vc_custom_1511358565074{margin-bottom: 0px !important;padding-top: 0px !important;}&#8221;][vc_column width=&#8221;1\/2&#8243; css=&#8221;.vc_custom_1554722310969{padding-top: 0px !important;padding-bottom: 0px !important;background-color: #fefefe !important;}&#8221; offset=&#8221;vc_col-lg-4 vc_col-md-4 vc_hidden-xs&#8221;][vc_single_image image=&#8221;32828&#8243;&#8230;<\/p>\n","protected":false},"author":6,"featured_media":0,"parent":0,"menu_order":0,"comment_status":"closed","ping_status":"closed","template":"","meta":[],"_links":{"self":[{"href":"https:\/\/mojoapps.co\/pl\/wp-json\/wp\/v2\/pages\/25950"}],"collection":[{"href":"https:\/\/mojoapps.co\/pl\/wp-json\/wp\/v2\/pages"}],"about":[{"href":"https:\/\/mojoapps.co\/pl\/wp-json\/wp\/v2\/types\/page"}],"author":[{"embeddable":true,"href":"https:\/\/mojoapps.co\/pl\/wp-json\/wp\/v2\/users\/6"}],"replies":[{"embeddable":true,"href":"https:\/\/mojoapps.co\/pl\/wp-json\/wp\/v2\/comments?post=25950"}],"version-history":[{"count":30,"href":"https:\/\/mojoapps.co\/pl\/wp-json\/wp\/v2\/pages\/25950\/revisions"}],"predecessor-version":[{"id":29405,"href":"https:\/\/mojoapps.co\/pl\/wp-json\/wp\/v2\/pages\/25950\/revisions\/29405"}],"wp:attachment":[{"href":"https:\/\/mojoapps.co\/pl\/wp-json\/wp\/v2\/media?parent=25950"}],"curies":[{"name":"wp","href":"https:\/\/api.w.org\/{rel}","templated":true}]}}