{"id":29717,"date":"2018-12-27T10:45:24","date_gmt":"2018-12-27T09:45:24","guid":{"rendered":"https:\/\/mojoapps.co\/?page_id=29717"},"modified":"2019-01-24T09:15:04","modified_gmt":"2019-01-24T08:15:04","slug":"polityka-prywatnosci","status":"publish","type":"page","link":"https:\/\/mojoapps.co\/pl\/polityka-prywatnosci\/","title":{"rendered":"Polityka prywatno\u015bci"},"content":{"rendered":"[vc_row][vc_column][vc_column_text]\r\n<h2>Polityka prywatno\u015bci serwisu mojoapps.co<\/h2>\r\n<h2>1. INFORMACJE OG\u00d3LNE.<\/h2>\r\n1. Operatorem Serwisu jest MOJO APPS SP\u00d3\u0141KA Z OGRANICZON\u0104 ODPOWIEDZIALNO\u015aCI\u0104 SP\u00d3\u0141KA KOMANDYTOWA z siedzib\u0105 w Warszawie przy ulicy Al. Ks.J. Poniatowskiego 1, 03-901 Warszawa, KRS 0000719846, NIP: 1132963925, Regon: 369524697\r\n\r\n2. Serwis realizuje funkcje pozyskiwania informacji o u\u017cytkownikach i ich zachowaniach w nast\u0119puj\u0105cy spos\u00f3b: a. Poprzez dobrowolnie wprowadzone w formularzach informacje b. Poprzez zapisywanie w urz\u0105dzeniach ko\u0144cowych pliki cookie (tzw. &#8222;ciasteczka&#8221;). c. Poprzez zapisywanie technicznych log\u00f3w na poziomie serwera www\r\n\r\n3. Niniejsza Polityka jest dokumentem informacyjnym i nie zast\u0119puje polityki bezpiecze\u0144stwa, prowadzonej przez Operatora Serwisu zgodnie z przepisami o ochronie danych osobowych.\r\n\r\n4. W zakresie danych, b\u0119d\u0105cych danymi osobowymi w \u015bwietnie przepis\u00f3w o ochronie danych osobowych, administratorem danych jest Operator Serwisu.\r\n<h2>2. INFORMACJE W FORMULARZACH.<\/h2>\r\n1. Serwis zbiera informacje podane dobrowolnie przez u\u017cytkownika.\r\n\r\n2. Serwis mo\u017ce zapisa\u0107 ponadto informacje o parametrach po\u0142\u0105czenia (oznaczenie czasu, adres IP)\r\n\r\n3. Dane w formularzu nie s\u0105 udost\u0119pniane podmiotom trzecim inaczej, ni\u017c za zgod\u0105 u\u017cytkownika.\r\n\r\n4. Dane podane w formularzu mog\u0105 stanowi\u0107 zbi\u00f3r danych osobowych, w\u00f3wczas taki zbi\u00f3r jest rejestrowany przez Operatora Serwisu w rejestrze prowadzonym przez Generalnego Inspektora Ochrony Danych Osobowych.\r\n\r\n5. Je\u015bli dane w formularzu umo\u017cliwiaj\u0105 identyfikacj\u0119 osoby fizycznej, to osoba taka ma prawdo do wgl\u0105du, modyfikacji i \u017c\u0105dania zaprzestania przetwarzania swoich danych w dowolnym momencie. Mo\u017cliwe jednak, \u017ce b\u0119dzie to powodowa\u0142o brak dost\u0119pu do niekt\u00f3rych funkcji serwisu.\r\n\r\n6. Dane podane w formularzu s\u0105 przetwarzane w celu wynikaj\u0105cym z funkcji konkretnego formularza, np. w celu dokonania procesu obs\u0142ugi zg\u0142oszenia serwisowego lub kontaktu handlowego.\r\n\r\n7. Dane podane w formularzach mog\u0105 by\u0107 przekazane podmiotom technicznie realizuj\u0105cym niekt\u00f3re us\u0142ugi \u2013 w szczeg\u00f3lno\u015bci dotyczy to przekazywania informacji o posiadaczu rejestrowanej domeny do podmiot\u00f3w b\u0119d\u0105cych operatorami domen internetowych (przede wszystkim Naukowa i Akademicka Sie\u0107 Komputerowa j.b.r \u2013 NASK), serwis\u00f3w obs\u0142uguj\u0105cych p\u0142atno\u015bci lub te\u017c innych podmiot\u00f3w, z kt\u00f3rymi Operator Serwisu w tym zakresie wsp\u00f3\u0142pracuje.\r\n<h2>3. INFORMACJA O PLIKACH COOKIES.<\/h2>\r\n1. Serwis korzysta z plik\u00f3w cookies.\r\n\r\n2. Pliki cookies (tzw. \u201eciasteczka\u201d) stanowi\u0105 dane informatyczne, w szczeg\u00f3lno\u015bci pliki tekstowe, kt\u00f3re przechowywane s\u0105 w urz\u0105dzeniu ko\u0144cowym U\u017cytkownika Serwisu i przeznaczone s\u0105 do korzystania ze stron internetowych Serwisu. Pliki tego rodzaju zazwyczaj zawieraj\u0105 nazw\u0119 strony internetowej, z kt\u00f3rej pochodz\u0105, czas przechowywania ich na urz\u0105dzeniu ko\u0144cowym oraz unikalny numer.\r\n\r\n3. Podmiotem zamieszczaj\u0105cym na urz\u0105dzeniu ko\u0144cowym U\u017cytkownika Serwisu pliki cookies oraz uzyskuj\u0105cym do nich dost\u0119p jest operator Serwisu lub podmioty z nim wsp\u00f3\u0142pracuj\u0105ce.\r\n\r\n4. Pliki cookies wykorzystywane s\u0105 w nast\u0119puj\u0105cych celach: a. tworzenia statystyk, kt\u00f3re pomagaj\u0105 zrozumie\u0107, w jaki spos\u00f3b U\u017cytkownicy Serwisu korzystaj\u0105 ze stron internetowych, co umo\u017cliwia ulepszanie ich struktury i zawarto\u015bci; b. utrzymanie sesji U\u017cytkownika Serwisu (po zalogowaniu), dzi\u0119ki kt\u00f3rej U\u017cytkownik nie musi na ka\u017cdej podstronie Serwisu ponownie wpisywa\u0107 loginu i has\u0142a; c. w celu zapami\u0119tania sk\u0142adu koszyka u\u017cytkownika w sklepie internetowym, d. okre\u015blania profilu u\u017cytkownika w celu wy\u015bwietlania mu dopasowanych materia\u0142\u00f3w w sieciach reklamowych, w szczeg\u00f3lno\u015bci sieci Google.\r\n\r\n5. W ramach Serwisu stosowane s\u0105 dwa zasadnicze rodzaje plik\u00f3w cookies: \u201esesyjne\u201d (session cookies) oraz \u201esta\u0142e\u201d (persistent cookies). Cookies \u201esesyjne\u201d s\u0105 plikami tymczasowymi, kt\u00f3re przechowywane s\u0105 w urz\u0105dzeniu ko\u0144cowym U\u017cytkownika do czasu wylogowania, opuszczenia strony internetowej lub wy\u0142\u0105czenia oprogramowania (przegl\u0105darki internetowej). \u201eSta\u0142e\u201d pliki cookies przechowywane s\u0105 w urz\u0105dzeniu ko\u0144cowym U\u017cytkownika przez czas okre\u015blony w parametrach plik\u00f3w cookies lub do czasu ich usuni\u0119cia przez U\u017cytkownika.\r\n\r\n6. Oprogramowanie do przegl\u0105dania stron internetowych (przegl\u0105darka internetowa) zazwyczaj domy\u015blnie dopuszcza przechowywanie plik\u00f3w cookies w urz\u0105dzeniu ko\u0144cowym U\u017cytkownika. U\u017cytkownicy Serwisu mog\u0105 dokona\u0107 zmiany ustawie\u0144 w tym zakresie. Przegl\u0105darka internetowa umo\u017cliwia usuni\u0119cie plik\u00f3w cookies. Mo\u017cliwe jest tak\u017ce\r\nautomatyczne blokowanie plik\u00f3w cookies Szczeg\u00f3\u0142owe informacje na ten temat zawiera pomoc lub dokumentacja przegl\u0105darki internetowej.\r\n\r\n7. Ograniczenia stosowania plik\u00f3w cookies mog\u0105 wp\u0142yn\u0105\u0107 na niekt\u00f3re funkcjonalno\u015bci dost\u0119pne na stronach internetowych Serwisu.\r\n\r\n8. Pliki cookies zamieszczane w urz\u0105dzeniu ko\u0144cowym U\u017cytkownika Serwisu i wykorzystywane mog\u0105 by\u0107 r\u00f3wnie\u017c przez wsp\u00f3\u0142pracuj\u0105cych z operatorem Serwisu reklamodawc\u00f3w oraz partner\u00f3w, a tak\u017ce operator\u00f3w p\u0142atno\u015bci.\r\n\r\n9. Zalecamy przeczytanie polityki ochrony prywatno\u015bci tych firm, aby pozna\u0107 zasady korzystania z plik\u00f3w cookie wykorzystywane w statystykach: Polityka ochrony prywatno\u015bci Google Analytics\r\n\r\n10. Pliki cookie mog\u0105 by\u0107 wykorzystane przez sieci reklamowe, w szczeg\u00f3lno\u015bci sie\u0107 Google, do wy\u015bwietlenia reklam dopasowanych do sposobu, w jaki u\u017cytkownik korzysta z Serwisu. W tym celu mog\u0105 zachowa\u0107 informacj\u0119 o \u015bcie\u017cce nawigacji u\u017cytkownika lub czasie pozostawania na danej stronie.\r\n\r\n11. W zakresie informacji o preferencjach u\u017cytkownika gromadzonych przez sie\u0107 reklamow\u0105 Google u\u017cytkownik mo\u017ce przegl\u0105da\u0107 i edytowa\u0107 informacje wynikaj\u0105ce z plik\u00f3w cookies przy pomocy narz\u0119dzia: https:\/\/www.google.com\/ads\/preferences\/\r\n<h2>4. LOGI SERWERA.<\/h2>\r\n1. Informacje o niekt\u00f3rych zachowaniach u\u017cytkownik\u00f3w podlegaj\u0105 logowaniu w warstwie serwerowej. Dane te s\u0105 wykorzystywane wy\u0142\u0105cznie w celu administrowania serwisem oraz w celu zapewnienia jak najbardziej sprawnej obs\u0142ugi \u015bwiadczonych us\u0142ug hostingowych.\r\n\r\n2. Przegl\u0105dane zasoby identyfikowane s\u0105 poprzez adresy URL. Ponadto zapisowi mog\u0105 podlega\u0107: a. czas nadej\u015bcia zapytania, b. czas wys\u0142ania odpowiedzi, c. nazw\u0119 stacji klienta \u2013 identyfikacja realizowana przez protok\u00f3\u0142 HTTP, d. informacje o b\u0142\u0119dach jakie nast\u0105pi\u0142y przy realizacji transakcji HTTP, e. adres URL strony poprzednio odwiedzanej przez u\u017cytkownika (referer link) \u2013 w przypadku gdy przej\u015bcie do Serwisu nast\u0105pi\u0142o przez odno\u015bnik, f. informacje o przegl\u0105darce u\u017cytkownika, g. Informacje o adresie IP.\r\n\r\n3. Dane powy\u017csze nie s\u0105 kojarzone z konkretnymi osobami przegl\u0105daj\u0105cymi strony.\r\n\r\n4. Dane powy\u017csze s\u0105 wykorzystywane jedynie dla cel\u00f3w administrowania serwerem.\r\n<h2>5. UDOST\u0118PNIENIE I POWIERZENIE PRZETWARZANIA DANYCH.<\/h2>\r\n1. Dane podlegaj\u0105 udost\u0119pnieniu podmiotom zewn\u0119trznym wy\u0142\u0105cznie w granicach prawnie dozwolonych.\r\n\r\n2. Dane umo\u017cliwiaj\u0105ce identyfikacj\u0119 osoby fizycznej s\u0105 udost\u0119pniane wy\u0142\u0105czenie za zgod\u0105 tej osoby.\r\n\r\n3. Operator mo\u017ce mie\u0107 obowi\u0105zek udzielania informacji zebranych przez Serwis upowa\u017cnionym organom na podstawie zgodnych z prawem \u017c\u0105da\u0144 w zakresie wynikaj\u0105cym z \u017c\u0105dania.\r\n<h2>6. ZARZ\u0104DZANIE PLIKAMI COOKIES \u2013 JAK W PRAKTYCE WYRA\u017bA\u0106 I COFA\u0106 ZGOD\u0118?<\/h2>\r\n1. Je\u015bli u\u017cytkownik nie chce otrzymywa\u0107 plik\u00f3w cookies, mo\u017ce zmieni\u0107 ustawienia przegl\u0105darki. Zastrzegamy, \u017ce wy\u0142\u0105czenie obs\u0142ugi plik\u00f3w cookies niezb\u0119dnych dla proces\u00f3w uwierzytelniania, bezpiecze\u0144stwa, utrzymania preferencji u\u017cytkownika mo\u017ce utrudni\u0107, a w skrajnych przypadkach mo\u017ce uniemo\u017cliwi\u0107 korzystanie ze stron www\r\n\r\n2. W celu zarz\u0105dzania ustawieniami cookies wybierz z listy poni\u017cej przegl\u0105dark\u0119 internetow\u0105\/ system i post\u0119puj zgodnie z instrukcjami:\r\n<ul>\r\n \t<li><a href=\"https:\/\/support.microsoft.com\/pl-pl\/help\/278835\/how-to-delete-cookie-files-in-internet-explorer\" target=\"_blank\" rel=\"noopener noreferrer\">Internet Explorer<\/a><\/li>\r\n \t<li><a href=\"https:\/\/support.google.com\/chrome\/answer\/95647?hl=pl\" target=\"_blank\" rel=\"noopener noreferrer\">Chrome<\/a><\/li>\r\n \t<li><a href=\"https:\/\/support.apple.com\/kb\/PH5042?locale=pl_PL\" target=\"_blank\" rel=\"noopener noreferrer\">Safari<\/a><\/li>\r\n \t<li><a href=\"https:\/\/support.mozilla.org\/pl\/kb\/W\u0142\u0105czanie%20i%20wy\u0142\u0105czanie%20obs\u0142ugi%20ciasteczek\" target=\"_blank\" rel=\"noopener noreferrer\">Firefox<\/a><\/li>\r\n \t<li><a href=\"https:\/\/help.opera.com\/en\/latest\/web-preferences\/#cookies\" target=\"_blank\" rel=\"noopener noreferrer\">Opera<\/a><\/li>\r\n \t<li><a href=\"https:\/\/support.google.com\/chrome\/answer\/95647?hl=pl\" target=\"_blank\" rel=\"noopener noreferrer\">Android<\/a><\/li>\r\n \t<li><a href=\"https:\/\/support.apple.com\/pl-pl\/HT201265\" target=\"_blank\" rel=\"noopener noreferrer\">Safari<\/a> (iOS)<\/li>\r\n \t<li><a href=\"https:\/\/support.microsoft.com\/pl-pl\/help\/11696\/windows-phone-7\" target=\"_blank\" rel=\"noopener noreferrer\">Windows Phone<\/a><\/li>\r\n \t<li><a href=\"http:\/\/support.blackberry.com\/kb\/articleDetail?ArticleNumber=000003865\" target=\"_blank\" rel=\"noopener noreferrer\">Blackberry<\/a><\/li>\r\n<\/ul>\r\n<strong>Wersja PDF<\/strong>: <a href=\"https:\/\/mojoapps.co\/wp-content\/uploads\/2018\/12\/MojoApps-Polityka-Prywatnosci.pdf\" target=\"_blank\" rel=\"noopener noreferrer\">Polityka Prywatno\u015bci<\/a>[\/vc_column_text][\/vc_column][\/vc_row]","protected":false},"excerpt":{"rendered":"<p>[vc_row][vc_column][vc_column_text] Polityka prywatno\u015bci serwisu mojoapps.co 1. INFORMACJE OG\u00d3LNE. 1. Operatorem Serwisu jest MOJO APPS SP\u00d3\u0141KA Z OGRANICZON\u0104 ODPOWIEDZIALNO\u015aCI\u0104 SP\u00d3\u0141KA KOMANDYTOWA&#8230;<\/p>\n","protected":false},"author":8,"featured_media":0,"parent":0,"menu_order":0,"comment_status":"closed","ping_status":"closed","template":"","meta":[],"_links":{"self":[{"href":"https:\/\/mojoapps.co\/pl\/wp-json\/wp\/v2\/pages\/29717"}],"collection":[{"href":"https:\/\/mojoapps.co\/pl\/wp-json\/wp\/v2\/pages"}],"about":[{"href":"https:\/\/mojoapps.co\/pl\/wp-json\/wp\/v2\/types\/page"}],"author":[{"embeddable":true,"href":"https:\/\/mojoapps.co\/pl\/wp-json\/wp\/v2\/users\/8"}],"replies":[{"embeddable":true,"href":"https:\/\/mojoapps.co\/pl\/wp-json\/wp\/v2\/comments?post=29717"}],"version-history":[{"count":9,"href":"https:\/\/mojoapps.co\/pl\/wp-json\/wp\/v2\/pages\/29717\/revisions"}],"predecessor-version":[{"id":31114,"href":"https:\/\/mojoapps.co\/pl\/wp-json\/wp\/v2\/pages\/29717\/revisions\/31114"}],"wp:attachment":[{"href":"https:\/\/mojoapps.co\/pl\/wp-json\/wp\/v2\/media?parent=29717"}],"curies":[{"name":"wp","href":"https:\/\/api.w.org\/{rel}","templated":true}]}}