{"id":32237,"date":"2019-03-27T15:55:21","date_gmt":"2019-03-27T14:55:21","guid":{"rendered":"https:\/\/mojoapps.co\/?page_id=32237"},"modified":"2019-04-11T16:52:40","modified_gmt":"2019-04-11T14:52:40","slug":"vr-spotkania","status":"publish","type":"page","link":"https:\/\/mojoapps.co\/pl\/wirtualna-rzeczywistosc\/vr-spotkania\/","title":{"rendered":"VR spotkania"},"content":{"rendered":"[vc_row css=&#8221;.vc_custom_1547132250931{margin-top: -100px !important;}&#8221;][vc_column]<div id=\"fullwidth-block-69d4efdc63356\" class=\"fullwidth-block clearfix\"  style=\"padding-top: 300px;height: 100vh\"><script type=\"text\/javascript\">if (typeof(gem_fix_fullwidth_position) == \"function\") { gem_fix_fullwidth_position(document.getElementById(\"fullwidth-block-69d4efdc63356\")); }<\/script><div class=\"fullwidth-block-background\" style=\"background-image: url(https:\/\/mojoapps.co\/wp-content\/uploads\/2019\/03\/Vr-meetings-01.jpg);background-repeat: no-repeat; background-size: cover;background-position: center top;\"><\/div><div class=\"fullwidth-block-inner\"><div class=\"container\">[vc_column_text]\r\n<div class=\"paragraph\" style=\"text-align: left;\">\r\n<h1 style=\"font-weight: bold; color: #ff770a; font-family: Montserrat; position: relative; left: 10px;\"><span class=\"text-shadow\">VR SPOTKANIA <\/span><\/h1>\r\n&nbsp;\r\n\r\n<\/div>\r\n[\/vc_column_text]<\/div><\/div><\/div><div class=\"clearboth\"><\/div><div class=\"gem-divider \" style=\"margin-top: 50px;\"><\/div>[vc_column_text]\r\n<div style=\"text-align: center;\">\r\n<h2 style=\"font-size: 28px; line-height: 28px; color: #3c3950; font-family: 'Montserrat'; font-weight: 500;\">SPOTKANIA W <strong>WIRTUALNEJ RZECZYWISTO\u015aCI<\/strong><\/h2>\r\n<\/div>\r\n[\/vc_column_text][vc_column_text]\r\n<p style=\"text-align: center;\">Wsp\u00f3\u0142praca w wirtualnej rzeczywisto\u015bci staj\u0119 si\u0119 coraz bardziej popularna na rynku przedsi\u0119biorstw, a mi\u0119dzynarodowe firmy szukaj\u0105 mo\u017cliwo\u015bci korzystania z tych urz\u0105dze\u0144 w r\u00f3\u017cnych dziedzinach &#8211; od szkolenia pracownik\u00f3w po warsztaty projektowe. Jako jedno z najbardziej popularnych zastosowa\u0144 zestaw do wirtualnej rzeczywisto\u015bci mo\u017ce by\u0107 u\u017cywany do organizowania konferencji, zast\u0119puj\u0105c wideokonferencje.<\/p>\r\n[\/vc_column_text][vc_column_text]\r\n<p style=\"text-align: center;\">Poczucie obecno\u015bci uczestnik\u00f3w jest jedn\u0105 z g\u0142\u00f3wnych zalet system\u00f3w <a href=\"https:\/\/mojoapps.co\/pl\/mojoxr\/\">spotka\u0144 wirtualnej rzeczywisto\u015bci<\/a>\u00a0w por\u00f3wnaniu do typowych wideokonferencji. Pomimo tego, \u017ce awatary patrz\u0105 na siebie, a nie na prawdziwych ludzi, ci ostatni maj\u0105 kontakt wzrokowy z rozm\u00f3wc\u0105.<\/p>\r\n[\/vc_column_text]<div class=\"clearboth\"><\/div><div class=\"gem-divider \" style=\"margin-top: 50px;\"><\/div>[vc_row_inner][vc_column_inner width=&#8221;1\/2&#8243; offset=&#8221;vc_hidden-xs&#8221;][vc_column_text]\r\n<p class=\"innovative-solutions-title\" style=\"color: #3c3950;\">ZALETY SPOTKANIA VR:<\/p>\r\n\r\n<ul class=\"innovative-solutions-list list-gray\">\r\n \t<li style=\"font-size: 16px;\">Poczucie obecno\u015bci<\/li>\r\n \t<li style=\"font-size: 16px;\">Narz\u0119dzia warsztatowe, takie jak prezentacja modeli 3D, obraz\u00f3w, plik\u00f3w<\/li>\r\n \t<li style=\"font-size: 16px;\">Oszcz\u0119dno\u015b\u0107 czasu<\/li>\r\n \t<li style=\"font-size: 16px;\">Kontakt wzrokowy<\/li>\r\n \t<li style=\"font-size: 16px;\">R\u00f3\u017cne przestrzenie na spotkania: biuro, fabryka lub park<\/li>\r\n \t<li style=\"font-size: 16px;\">Wsp\u00f3\u0142praca<\/li>\r\n \t<li style=\"font-size: 16px;\">Oszcz\u0119dno\u015bci koszt\u00f3w<\/li>\r\n \t<li style=\"font-size: 16px;\">Brak barier geograficznych<\/li>\r\n<\/ul>\r\n[\/vc_column_text][\/vc_column_inner][vc_column_inner width=&#8221;1\/2&#8243; offset=&#8221;vc_hidden-xs&#8221;]<div class=\"centered-box gem-image-centered-box\"><div class=\"gem-image gem-wrapbox gem-wrapbox-style-default gem-wrapbox-position-centered lazy-loading\" style=\"\"><div class=\"gem-wrapbox-inner  lazy-loading-item\"  data-ll-effect=\"move-up\"><img class=\"gem-wrapbox-element img-responsive\" src=\"https:\/\/mojoapps.co\/wp-content\/uploads\/2019\/03\/Vr-meetings-03.jpg\" alt=\"\"\/><\/div><\/div><\/div>[\/vc_column_inner][\/vc_row_inner][vc_row_inner][vc_column_inner width=&#8221;1\/2&#8243; offset=&#8221;vc_hidden-lg vc_hidden-md vc_hidden-sm&#8221;]<div class=\"centered-box gem-image-centered-box\"><div class=\"gem-image gem-wrapbox gem-wrapbox-style-default gem-wrapbox-position-centered lazy-loading\" style=\"\"><div class=\"gem-wrapbox-inner  lazy-loading-item\"  data-ll-effect=\"move-up\"><img class=\"gem-wrapbox-element img-responsive\" src=\"https:\/\/mojoapps.co\/wp-content\/uploads\/2019\/03\/Vr-meetings-03.jpg\" alt=\"\"\/><\/div><\/div><\/div>[\/vc_column_inner][vc_column_inner width=&#8221;1\/2&#8243; offset=&#8221;vc_hidden-lg vc_hidden-md vc_hidden-sm&#8221;][vc_column_text]\r\n<p class=\"innovative-solutions-title\" style=\"color: #3c3950;\">ZALETY SPOTKANIA VR:<\/p>\r\n\r\n<ul class=\"innovative-solutions-list list-gray\">\r\n \t<li style=\"font-size: 16px;\">Poczucie obecno\u015bci<\/li>\r\n \t<li style=\"font-size: 16px;\">Narz\u0119dzia warsztatowe, takie jak prezentacja modeli 3D, obraz\u00f3w, plik\u00f3w<\/li>\r\n \t<li style=\"font-size: 16px;\">Oszcz\u0119dno\u015b\u0107 czasu<\/li>\r\n \t<li style=\"font-size: 16px;\">Kontakt wzrokowy<\/li>\r\n \t<li style=\"font-size: 16px;\">R\u00f3\u017cne przestrzenie na spotkania: biuro, fabryka lub park<\/li>\r\n \t<li style=\"font-size: 16px;\">Wsp\u00f3\u0142praca<\/li>\r\n \t<li style=\"font-size: 16px;\">Oszcz\u0119dno\u015bci koszt\u00f3w<\/li>\r\n \t<li style=\"font-size: 16px;\">Brak barier geograficznych<\/li>\r\n<\/ul>\r\n[\/vc_column_text][\/vc_column_inner][\/vc_row_inner]<div class=\"clearboth\"><\/div><div class=\"gem-divider \" style=\"margin-top: 30px;\"><\/div>[\/vc_column][\/vc_row][vc_row][vc_column]<div id=\"fullwidth-block-69d4efdc63608\" class=\"fullwidth-block clearfix\"  style=\"\"><script type=\"text\/javascript\">if (typeof(gem_fix_fullwidth_position) == \"function\") { gem_fix_fullwidth_position(document.getElementById(\"fullwidth-block-69d4efdc63608\")); }<\/script><div class=\"fullwidth-block-inner\"><div class=\"container\">[vc_row_inner][vc_column_inner width=&#8221;1\/2&#8243;]<div class=\"clearboth\"><\/div><div class=\"gem-divider \" style=\"margin-bottom: 35px;\"><\/div><div class=\"centered-box gem-image-centered-box\"><div class=\"gem-image gem-wrapbox gem-wrapbox-style-default gem-wrapbox-position-centered lazy-loading\" style=\"\"><div class=\"gem-wrapbox-inner  lazy-loading-item\"  data-ll-effect=\"move-up\"><img class=\"gem-wrapbox-element img-responsive\" src=\"https:\/\/mojoapps.co\/wp-content\/uploads\/2019\/03\/Vr-meetings-02.jpg\" alt=\"\"\/><\/div><\/div><\/div>[\/vc_column_inner][vc_column_inner width=&#8221;1\/2&#8243;][vc_column_text]\r\n<div style=\"text-align: LEFT;\">\r\n<h3 style=\"font-size: 28px; line-height: 28px; color: #3c3950; font-family: 'Montserrat'; font-weight: 500;\">PERFEKCYJNE <strong>MIEJSCE NA SPOTKANIE<\/strong><\/h3>\r\n<\/div>\r\n[\/vc_column_text][vc_column_text]\r\n<div class=\"paragraph\" style=\"text-align: left;\">\r\n\r\nOprogramowanie do wirtualnych spotka\u0144 pozwala u\u017cytkownikom wsp\u00f3\u0142pracowa\u0107 w r\u00f3\u017cnych wirtualnych przestrzeniach. Biuro nie musi znajdowa\u0107 si\u0119 w centrum biznesowym. Mo\u017ce to by\u0107 zar\u00f3wno stary zamek angielski, jak i wyspa lub jednostka produkcyjna. Dogodny wyb\u00f3r miejsca na ka\u017cdy gust, jak przytulny domek, statek kosmiczny lub nawet piknik w lesie. Wirtualne biura umo\u017cliwiaj\u0105 nieograniczon\u0105 kreatywn\u0105 kontrol\u0119 nad otoczeniem. Mo\u017cesz wypr\u00f3bowa\u0107 takie pokoje za darmo z demo platformy do spotka\u0144 i szkole\u0144 <a href=\"https:\/\/mojoapps.co\/pl\/mojoxr\/\">Mojo XR<\/a>.\r\n\r\nJest to przydatne nie tylko podczas spotka\u0144, ale mo\u017ce by\u0107 r\u00f3wnie\u017c wykorzystywane przez osoby pracuj\u0105ce w domu. Mo\u017cliwo\u015b\u0107 pracy z domu sprawia, \u017ce pracownicy s\u0105 bardziej zadowoleni, co pozytywnie wp\u0142ywa na biznes.\r\n\r\n<\/div>\r\n[\/vc_column_text]<div class=\"clearboth\"><\/div><div class=\"gem-divider \" style=\"margin-top: 20px;\"><\/div>[\/vc_column_inner][\/vc_row_inner]<\/div><\/div><\/div><div class=\"clearboth\"><\/div><div class=\"gem-divider \" style=\"margin-top: 50px;\"><\/div>[vc_column_text]\r\n<div style=\"text-align: LEFT;\">\r\n<h3 style=\"font-size: 28px; line-height: 28px; color: #3c3950; font-family: Montserrat; font-weight: 500; text-align: center;\"><strong>NARZ\u0118DZIA<\/strong> VR DO KOLABORACJI<\/h3>\r\n<\/div>\r\n[\/vc_column_text]<div class=\"clearboth\"><\/div><div class=\"gem-divider \" style=\"margin-top: 50px;\"><\/div>[vc_row_inner][vc_column_inner width=&#8221;1\/3&#8243;][vc_single_image image=&#8221;31820&#8243; img_size=&#8221;100&#215;100&#8243; alignment=&#8221;center&#8221;][vc_column_text]\r\n<h6 style=\"text-align: center;\">Import modeli 3D<\/h6>\r\n<p style=\"text-align: center;\">Swobodnie pobierz dowolny model, aby pokaza\u0107 go swoim partnerom<\/p>\r\n[\/vc_column_text][\/vc_column_inner][vc_column_inner width=&#8221;1\/3&#8243;][vc_single_image image=&#8221;31832&#8243; img_size=&#8221;100&#215;100&#8243; alignment=&#8221;center&#8221;][vc_column_text]\r\n<h6 style=\"text-align: center;\">Import plik\u00f3w<\/h6>\r\n<p style=\"text-align: center;\">Gotowe tabele, dokumenty i obrazy mo\u017cna szybko za\u0142adowa\u0107 do programu<\/p>\r\n[\/vc_column_text][\/vc_column_inner][vc_column_inner width=&#8221;1\/3&#8243;][vc_single_image image=&#8221;31835&#8243; img_size=&#8221;100&#215;100&#8243; alignment=&#8221;center&#8221;][vc_column_text]\r\n<h6 style=\"text-align: center;\">D\u017awi\u0119k przestrzenny<\/h6>\r\n<p style=\"text-align: center;\">D\u017awi\u0119k 3D, kt\u00f3ry zanurza Ci\u0119 do innej rzeczywisto\u015bci i daje ci poczucie, \u017ce w\u0142a\u015bnie tam jeste\u015b<\/p>\r\n[\/vc_column_text][\/vc_column_inner][\/vc_row_inner]<div class=\"clearboth\"><\/div><div class=\"gem-divider \" style=\"margin-top: 50px;\"><\/div>[vc_column_text]\r\n<div style=\"text-align: LEFT;\">\r\n<h3 style=\"font-size: 28px; line-height: 28px; color: #3c3950; font-family: Montserrat; font-weight: 500; text-align: center;\">URZ\u0104DZENIA DLA <strong>PLATFORMY VR<\/strong><\/h3>\r\n<\/div>\r\n[\/vc_column_text][vc_column_text]\r\n<p style=\"text-align: center;\">Aplikacji VR mo\u017cemy u\u017cywa\u0107 z wszystkimi zestawami VR, takimi jak HTC Vive, Microsoft Hololens, Oculus Rift. Urz\u0105dzenia mog\u0105 by\u0107 r\u00f3\u017cne dla wszystkich uczestnik\u00f3w, nie ma to wp\u0142ywu na proces i wy\u015bwietlanie aplikacji. Jak nie mamy sprz\u0119tu VR, mo\u017cemy usi\u0105\u015b\u0107 przy komputerze i korzysta\u0107 z klawiatury i myszki.<\/p>\r\n[\/vc_column_text]<div class=\"clearboth\"><\/div><div class=\"gem-divider \" style=\"margin-top: 50px;\"><\/div><div id=\"fullwidth-block-69d4efdc63897\" class=\"fullwidth-block clearfix\"  style=\"background-color: #f4f4f4;\"><script type=\"text\/javascript\">if (typeof(gem_fix_fullwidth_position) == \"function\") { gem_fix_fullwidth_position(document.getElementById(\"fullwidth-block-69d4efdc63897\")); }<\/script><div class=\"fullwidth-block-inner\"><div class=\"container\"><div class=\"clearboth\"><\/div><div class=\"gem-divider \" style=\"margin-top: 50px;\"><\/div>[vc_row_inner][vc_column_inner width=&#8221;1\/2&#8243; offset=&#8221;vc_hidden-xs&#8221;]<div class=\"gem-image gem-wrapbox gem-wrapbox-style-default gem-wrapbox-position-below\" style=\"width: 150px;height: 150px;\"><div class=\"gem-wrapbox-inner \" ><img class=\"gem-wrapbox-element img-responsive\" src=\"https:\/\/mojoapps.co\/wp-content\/uploads\/2017\/11\/Znak_black.png\" alt=\"\"\/><\/div><\/div>[vc_column_text]\r\n<div style=\"clear: both;\">\r\n<div class=\"title-h2 title-h2-contact\"><span class=\"light\">Skontaktuj si\u0119<\/span> z nami<\/div>\r\n<div><\/div>\r\n<div>Masz pomys\u0142? Porozmawiajmy o nim. Napisz do nas na <a href=\"mailto:hello@mojoapps.co\">hello@mojoapps.co<\/a>.<\/div>\r\n<div class=\"title-h2 title-h2-contact\"><span class=\"light\">OFERTY<\/span> PRACY<\/div>\r\n<div>\r\n\r\n<span style=\"font-weight: 400;\"> Uwielbiasz rozszerzon\u0105 i wirtualn\u0105 rzeczywisto\u015b\u0107? Chcesz si\u0119 rozwija\u0107 w innowacyjnych technologiach ? Mamy dost\u0119pne dla Ciebie takie stanowiska:<\/span>\r\n<ul>\r\n \t<li><a href=\"https:\/\/mojoapps.co\/pl\/senior-programista-unity3d\/\">Unity Developer<\/a><\/li>\r\n \t<li><a href=\"https:\/\/mojoapps.co\/pl\/project-manager-vr-ar\/\">Project Manager VR\/AR<\/a><\/li>\r\n \t<li><a href=\"https:\/\/mojoapps.co\/pl\/grafik-3d-i-2d\/\">Grafik 3D &amp; 2D do VR i AR<\/a><\/li>\r\n<\/ul>\r\n<\/div>\r\n<\/div>\r\n[\/vc_column_text]<div class=\"clearboth\"><\/div><div class=\"gem-divider \" style=\"margin-top: 50px;\"><\/div>[\/vc_column_inner][vc_column_inner width=&#8221;1\/2&#8243; offset=&#8221;vc_hidden-xs&#8221;]<div role=\"form\" class=\"wpcf7\" id=\"wpcf7-f25984-o1\" lang=\"en-US\" dir=\"ltr\">\n<div class=\"screen-reader-response\"><p role=\"status\" aria-live=\"polite\" aria-atomic=\"true\"><\/p> <ul><\/ul><\/div>\n<form action=\"\/pl\/wp-json\/wp\/v2\/pages\/32237#wpcf7-f25984-o1\" method=\"post\" class=\"wpcf7-form init\" novalidate=\"novalidate\" data-status=\"init\">\n<div style=\"display: none;\">\n<input type=\"hidden\" name=\"_wpcf7\" value=\"25984\" \/>\n<input type=\"hidden\" name=\"_wpcf7_version\" value=\"5.3.2\" \/>\n<input type=\"hidden\" name=\"_wpcf7_locale\" value=\"en_US\" \/>\n<input type=\"hidden\" name=\"_wpcf7_unit_tag\" value=\"wpcf7-f25984-o1\" \/>\n<input type=\"hidden\" name=\"_wpcf7_container_post\" value=\"0\" \/>\n<input type=\"hidden\" name=\"_wpcf7_posted_data_hash\" value=\"\" \/>\n<\/div>\n<div class=\"contact-form-style-2\">\n<p class=\"cf-style2\"><span class=\"wpcf7-form-control-wrap your-name\"><input type=\"text\" name=\"your-name\" value=\"\" size=\"40\" class=\"wpcf7-form-control wpcf7-text wpcf7-validates-as-required\" aria-required=\"true\" aria-invalid=\"false\" placeholder=\"Imi\u0119*\" \/><\/span><\/p>\n<p class=\"cf-style2-phone\"><span class=\"wpcf7-form-control-wrap phone\"><input type=\"tel\" name=\"phone\" value=\"\" size=\"40\" class=\"wpcf7-form-control wpcf7-text wpcf7-tel wpcf7-validates-as-tel\" aria-invalid=\"false\" placeholder=\"Telefon*\" \/><\/span><\/p>\n<p class=\"cf-style2-email\"><span class=\"wpcf7-form-control-wrap email\"><input type=\"email\" name=\"email\" value=\"\" size=\"40\" class=\"wpcf7-form-control wpcf7-text wpcf7-email wpcf7-validates-as-required wpcf7-validates-as-email\" aria-required=\"true\" aria-invalid=\"false\" placeholder=\"E-mail*\" \/><\/span><\/p>\n<p class=\"cf-style2-adreess\"><span class=\"wpcf7-form-control-wrap Where\"><select name=\"Where\" class=\"wpcf7-form-control wpcf7-select wpcf7-validates-as-required gem-combobox\" aria-required=\"true\" aria-invalid=\"false\"><option value=\"Ameryka P\u00f3\u0142nocna\">Ameryka P\u00f3\u0142nocna<\/option><option value=\"Europa\">Europa<\/option><option value=\"Asia\">Asia<\/option><option value=\"Australia\">Australia<\/option><option value=\"Ameryka Po\u0142udniowa\">Ameryka Po\u0142udniowa<\/option><option value=\"Afryka\">Afryka<\/option><\/select><\/span><\/p>\n<p>\n<h5>Zakres zainteresowa\u0144<\/h5>\n<\/p>\n<p class=\"cf-style2-checkbox\"><span class=\"wpcf7-form-control-wrap ScopesOfInterests\"><span class=\"wpcf7-form-control wpcf7-checkbox gem-checkbox\"><span class=\"wpcf7-list-item first\"><input type=\"checkbox\" name=\"ScopesOfInterests:[]\" value=\"Rozszerzona Rzeczywisto\u015b\u0107\" \/><span class=\"wpcf7-list-item-label\">Rozszerzona Rzeczywisto\u015b\u0107<\/span><\/span><span class=\"wpcf7-list-item\"><input type=\"checkbox\" name=\"ScopesOfInterests:[]\" value=\"Wirtualna Rzeczywisto\u015b\u0107\" \/><span class=\"wpcf7-list-item-label\">Wirtualna Rzeczywisto\u015b\u0107<\/span><\/span><span class=\"wpcf7-list-item\"><input type=\"checkbox\" name=\"ScopesOfInterests:[]\" value=\"3D\" \/><span class=\"wpcf7-list-item-label\">3D<\/span><\/span><span class=\"wpcf7-list-item last\"><input type=\"checkbox\" name=\"ScopesOfInterests:[]\" value=\"360 video\" \/><span class=\"wpcf7-list-item-label\">360 video<\/span><\/span><\/span><\/span><\/p>\n<p class=\"cf-style2-textarea\"><span class=\"wpcf7-form-control-wrap Messege\"><textarea name=\"Messege\" cols=\"40\" rows=\"10\" class=\"wpcf7-form-control wpcf7-textarea wpcf7-validates-as-required\" aria-required=\"true\" aria-invalid=\"false\" placeholder=\"Wiadomo\u015b\u0107\"><\/textarea><\/span><\/p>\n<p><span id=\"wpcf7-69d4efdc6407e\" class=\"wpcf7-form-control-wrap honeypot-152-wrap\" style=\"display:none !important; visibility:hidden !important;\"><label  class=\"hp-message\">Please leave this field empty.<\/label><input class=\"wpcf7-form-control wpcf7-text\"  type=\"text\" name=\"honeypot-152\" value=\"\" size=\"40\" tabindex=\"-1\" autocomplete=\"nope\" \/><\/span><br \/>\n<input type=\"submit\" value=\"Wy\u015blij wiadomo\u015b\u0107\" class=\"wpcf7-form-control wpcf7-submit\" \/>\n<\/p><\/div>\n<div class=\"wpcf7-response-output\" aria-hidden=\"true\"><\/div><\/form><\/div>[\/vc_column_inner][\/vc_row_inner][vc_row_inner][vc_column_inner offset=&#8221;vc_hidden-lg vc_hidden-md vc_hidden-sm&#8221;]<div class=\"gem-image gem-wrapbox gem-wrapbox-style-default gem-wrapbox-position-below\" style=\"width: 150px;height: 150px;\"><div class=\"gem-wrapbox-inner \" ><img class=\"gem-wrapbox-element img-responsive\" src=\"https:\/\/mojoapps.co\/wp-content\/uploads\/2017\/11\/Znak_black.png\" alt=\"\"\/><\/div><\/div>[vc_column_text]\r\n<div style=\"clear: both;\">\r\n<div class=\"title-h2 title-h2-contact\"><span class=\"light\">Skontaktuj si\u0119<\/span> z nami<\/div>\r\n<div><\/div>\r\n<div>Masz pomys\u0142? Porozmawiajmy o nim. Napisz do nas na <a href=\"mailto:hello@mojoapps.co\">hello@mojoapps.co<\/a>.<\/div>\r\n[\/vc_column_text]<div role=\"form\" class=\"wpcf7\" id=\"wpcf7-f25984-o2\" lang=\"en-US\" dir=\"ltr\">\n<div class=\"screen-reader-response\"><p role=\"status\" aria-live=\"polite\" aria-atomic=\"true\"><\/p> <ul><\/ul><\/div>\n<form action=\"\/pl\/wp-json\/wp\/v2\/pages\/32237#wpcf7-f25984-o2\" method=\"post\" class=\"wpcf7-form init\" novalidate=\"novalidate\" data-status=\"init\">\n<div style=\"display: none;\">\n<input type=\"hidden\" name=\"_wpcf7\" value=\"25984\" \/>\n<input type=\"hidden\" name=\"_wpcf7_version\" value=\"5.3.2\" \/>\n<input type=\"hidden\" name=\"_wpcf7_locale\" value=\"en_US\" \/>\n<input type=\"hidden\" name=\"_wpcf7_unit_tag\" value=\"wpcf7-f25984-o2\" \/>\n<input type=\"hidden\" name=\"_wpcf7_container_post\" value=\"0\" \/>\n<input type=\"hidden\" name=\"_wpcf7_posted_data_hash\" value=\"\" \/>\n<\/div>\n<div class=\"contact-form-style-2\">\n<p class=\"cf-style2\"><span class=\"wpcf7-form-control-wrap your-name\"><input type=\"text\" name=\"your-name\" value=\"\" size=\"40\" class=\"wpcf7-form-control wpcf7-text wpcf7-validates-as-required\" aria-required=\"true\" aria-invalid=\"false\" placeholder=\"Imi\u0119*\" \/><\/span><\/p>\n<p class=\"cf-style2-phone\"><span class=\"wpcf7-form-control-wrap phone\"><input type=\"tel\" name=\"phone\" value=\"\" size=\"40\" class=\"wpcf7-form-control wpcf7-text wpcf7-tel wpcf7-validates-as-tel\" aria-invalid=\"false\" placeholder=\"Telefon*\" \/><\/span><\/p>\n<p class=\"cf-style2-email\"><span class=\"wpcf7-form-control-wrap email\"><input type=\"email\" name=\"email\" value=\"\" size=\"40\" class=\"wpcf7-form-control wpcf7-text wpcf7-email wpcf7-validates-as-required wpcf7-validates-as-email\" aria-required=\"true\" aria-invalid=\"false\" placeholder=\"E-mail*\" \/><\/span><\/p>\n<p class=\"cf-style2-adreess\"><span class=\"wpcf7-form-control-wrap Where\"><select name=\"Where\" class=\"wpcf7-form-control wpcf7-select wpcf7-validates-as-required gem-combobox\" aria-required=\"true\" aria-invalid=\"false\"><option value=\"Ameryka P\u00f3\u0142nocna\">Ameryka P\u00f3\u0142nocna<\/option><option value=\"Europa\">Europa<\/option><option value=\"Asia\">Asia<\/option><option value=\"Australia\">Australia<\/option><option value=\"Ameryka Po\u0142udniowa\">Ameryka Po\u0142udniowa<\/option><option value=\"Afryka\">Afryka<\/option><\/select><\/span><\/p>\n<p>\n<h5>Zakres zainteresowa\u0144<\/h5>\n<\/p>\n<p class=\"cf-style2-checkbox\"><span class=\"wpcf7-form-control-wrap ScopesOfInterests\"><span class=\"wpcf7-form-control wpcf7-checkbox gem-checkbox\"><span class=\"wpcf7-list-item first\"><input type=\"checkbox\" name=\"ScopesOfInterests:[]\" value=\"Rozszerzona Rzeczywisto\u015b\u0107\" \/><span class=\"wpcf7-list-item-label\">Rozszerzona Rzeczywisto\u015b\u0107<\/span><\/span><span class=\"wpcf7-list-item\"><input type=\"checkbox\" name=\"ScopesOfInterests:[]\" value=\"Wirtualna Rzeczywisto\u015b\u0107\" \/><span class=\"wpcf7-list-item-label\">Wirtualna Rzeczywisto\u015b\u0107<\/span><\/span><span class=\"wpcf7-list-item\"><input type=\"checkbox\" name=\"ScopesOfInterests:[]\" value=\"3D\" \/><span class=\"wpcf7-list-item-label\">3D<\/span><\/span><span class=\"wpcf7-list-item last\"><input type=\"checkbox\" name=\"ScopesOfInterests:[]\" value=\"360 video\" \/><span class=\"wpcf7-list-item-label\">360 video<\/span><\/span><\/span><\/span><\/p>\n<p class=\"cf-style2-textarea\"><span class=\"wpcf7-form-control-wrap Messege\"><textarea name=\"Messege\" cols=\"40\" rows=\"10\" class=\"wpcf7-form-control wpcf7-textarea wpcf7-validates-as-required\" aria-required=\"true\" aria-invalid=\"false\" placeholder=\"Wiadomo\u015b\u0107\"><\/textarea><\/span><\/p>\n<p><span id=\"wpcf7-69d4efdc643b6\" class=\"wpcf7-form-control-wrap honeypot-152-wrap\" style=\"display:none !important; visibility:hidden !important;\"><label  class=\"hp-message\">Please leave this field empty.<\/label><input class=\"wpcf7-form-control wpcf7-text\"  type=\"text\" name=\"honeypot-152\" value=\"\" size=\"40\" tabindex=\"-1\" autocomplete=\"nope\" \/><\/span><br \/>\n<input type=\"submit\" value=\"Wy\u015blij wiadomo\u015b\u0107\" class=\"wpcf7-form-control wpcf7-submit\" \/>\n<\/p><\/div>\n<div class=\"wpcf7-response-output\" aria-hidden=\"true\"><\/div><\/form><\/div><div class=\"clearboth\"><\/div><div class=\"gem-divider \" style=\"margin-top: 30px;\"><\/div>[vc_column_text]\r\n<div class=\"title-h2 title-h2-contact\"><span class=\"light\">OFERTY<\/span> PRACY<\/div>\r\n<div>\r\n\r\n<span style=\"font-weight: 400;\"> Uwielbiasz rozszerzon\u0105 i wirtualn\u0105 rzeczywisto\u015b\u0107? Chcesz si\u0119 rozwija\u0107 w innowacyjnych technologiach ? Mamy dost\u0119pne dla Ciebie takie stanowiska:<\/span>\r\n<ul>\r\n \t<li><a href=\"https:\/\/mojoapps.co\/pl\/senior-programista-unity3d\/\">Unity Developer<\/a><\/li>\r\n \t<li><a href=\"https:\/\/mojoapps.co\/pl\/project-manager-vr-ar\/\">Project Manager VR\/AR<\/a><\/li>\r\n \t<li><a href=\"https:\/\/mojoapps.co\/pl\/grafik-3d-i-2d\/\">Grafik 3D &amp; 2D do VR i AR<\/a><\/li>\r\n<\/ul>\r\n<\/div>\r\n<\/div>\r\n[\/vc_column_text]<div class=\"clearboth\"><\/div><div class=\"gem-divider \" style=\"margin-bottom: 30px;\"><\/div>[\/vc_column_inner][\/vc_row_inner]<\/div><\/div><\/div>[\/vc_column][\/vc_row]","protected":false},"excerpt":{"rendered":"<p>[vc_row css=&#8221;.vc_custom_1547132250931{margin-top: -100px !important;}&#8221;][vc_column][vc_column_text] SPOTKANIA W WIRTUALNEJ RZECZYWISTO\u015aCI [\/vc_column_text][vc_column_text] Wsp\u00f3\u0142praca w wirtualnej rzeczywisto\u015bci staj\u0119 si\u0119 coraz bardziej popularna na rynku&#8230;<\/p>\n","protected":false},"author":8,"featured_media":0,"parent":30205,"menu_order":0,"comment_status":"closed","ping_status":"closed","template":"","meta":[],"_links":{"self":[{"href":"https:\/\/mojoapps.co\/pl\/wp-json\/wp\/v2\/pages\/32237"}],"collection":[{"href":"https:\/\/mojoapps.co\/pl\/wp-json\/wp\/v2\/pages"}],"about":[{"href":"https:\/\/mojoapps.co\/pl\/wp-json\/wp\/v2\/types\/page"}],"author":[{"embeddable":true,"href":"https:\/\/mojoapps.co\/pl\/wp-json\/wp\/v2\/users\/8"}],"replies":[{"embeddable":true,"href":"https:\/\/mojoapps.co\/pl\/wp-json\/wp\/v2\/comments?post=32237"}],"version-history":[{"count":7,"href":"https:\/\/mojoapps.co\/pl\/wp-json\/wp\/v2\/pages\/32237\/revisions"}],"predecessor-version":[{"id":32991,"href":"https:\/\/mojoapps.co\/pl\/wp-json\/wp\/v2\/pages\/32237\/revisions\/32991"}],"up":[{"embeddable":true,"href":"https:\/\/mojoapps.co\/pl\/wp-json\/wp\/v2\/pages\/30205"}],"wp:attachment":[{"href":"https:\/\/mojoapps.co\/pl\/wp-json\/wp\/v2\/media?parent=32237"}],"curies":[{"name":"wp","href":"https:\/\/api.w.org\/{rel}","templated":true}]}}