{"id":32243,"date":"2019-03-27T16:55:37","date_gmt":"2019-03-27T15:55:37","guid":{"rendered":"https:\/\/mojoapps.co\/?page_id=32243"},"modified":"2019-04-11T17:00:23","modified_gmt":"2019-04-11T15:00:23","slug":"adaptacja-nowych-pracownikow-w-vr","status":"publish","type":"page","link":"https:\/\/mojoapps.co\/pl\/wideo-360-stopni\/adaptacja-nowych-pracownikow-w-vr\/","title":{"rendered":"ADAPTACJA NOWYCH PRACOWNIK\u00d3W W VR"},"content":{"rendered":"[vc_row css=&#8221;.vc_custom_1547132250931{margin-top: -100px !important;}&#8221;][vc_column]<div id=\"fullwidth-block-69d296eed25b1\" class=\"fullwidth-block clearfix\"  style=\"padding-top: 300px;height: 100vh\"><script type=\"text\/javascript\">if (typeof(gem_fix_fullwidth_position) == \"function\") { gem_fix_fullwidth_position(document.getElementById(\"fullwidth-block-69d296eed25b1\")); }<\/script><div class=\"fullwidth-block-background\" style=\"background-image: url(https:\/\/mojoapps.co\/wp-content\/uploads\/2019\/03\/VR_onboarding-00.jpg);background-repeat: no-repeat; background-size: cover;background-position: center top;\"><\/div><div class=\"fullwidth-block-inner\"><div class=\"container\">[vc_column_text]\r\n<div class=\"paragraph\" style=\"text-align: left;\">\r\n<h1 style=\"font-weight: bold; color: #1cb7d8; font-family: Montserrat; position: relative; left: 10px;\"><span class=\"text-shadow\">ADAPTACJA\r\nNOWYCH\r\nPRACOWNIK\u00d3W\r\nW VR\r\n<\/span><\/h1>\r\n&nbsp;\r\n\r\n<\/div>\r\n[\/vc_column_text]<\/div><\/div><\/div><div class=\"clearboth\"><\/div><div class=\"gem-divider \" style=\"margin-top: 50px;\"><\/div>[vc_column_text]\r\n<div style=\"text-align: center;\">\r\n<h2 style=\"font-size: 28px; line-height: 28px; color: #3c3950; font-family: 'Montserrat'; font-weight: 500;\">ADAPTACJA <strong>NOWYCH PRACOWNIK\u00d3W<\/strong> W wirtualnej rzeczywisto\u015bci<\/h2>\r\n<\/div>\r\n[\/vc_column_text][vc_column_text]\r\n<p style=\"text-align: center;\">Proces adaptacji dla nowych pracownik\u00f3w jest cz\u0119sto niesamowicie d\u0142ugi i \u017cmudny. Godziny sp\u0119dzone na wype\u0142nianiu r\u00f3\u017cnych dokument\u00f3w, przechodz\u0105c trudne programy wdro\u017ceniowe i czytaniu wewn\u0119trznych dokument\u00f3w zarz\u0105dzaj\u0105cych nie zawsze motywuj\u0105 nowych pracownik\u00f3w.\r\nJednak dzi\u0119ki technologii wirtualnej rzeczywisto\u015bci i oprogramowania do takich <a href=\"https:\/\/mojoapps.co\/pl\/mojoxr\/\">aplikacji<\/a>\u00a0proces adaptacji i szkolenia pracownik\u00f3w zyska\u0142 nowy, innowacyjny wymiar.<\/p>\r\n[\/vc_column_text]<div class=\"clearboth\"><\/div><div class=\"gem-divider \" style=\"margin-top: 70px;\"><\/div>[vc_row_inner][vc_column_inner width=&#8221;1\/2&#8243; offset=&#8221;vc_hidden-xs&#8221;][vc_column_text]\r\n<div style=\"text-align: LEFT;\">\r\n<h3 style=\"font-size: 28px; line-height: 28px; color: #3c3950; font-family: 'Montserrat'; font-weight: 500;\"><strong><strong>SZYBKI START<\/strong> DO NOWEGO \u015aRODOWISKA<\/strong><\/h3>\r\n<\/div>\r\n[\/vc_column_text][vc_column_text]\r\n<p style=\"text-align: left;\">Wyobra\u017a sobie innowacyjny proces adaptacji w wirtualnej rzeczywisto\u015bci. Na przyk\u0142ad, mo\u017ce to by\u0107 historia firmy, osobi\u015bcie opowiedziana przez jej dyrektora generalnego lub zaanga\u017cowanie pracownik\u00f3w w dialog, stworzony w celu przyci\u0105gni\u0119cia do dzia\u0142ania i lepszego wyczucia kultury korporacyjnej firmy &#8211; do\u015bwiadczenie wirtualnej rzeczywisto\u015bci w procesie onboardingu jest imponuj\u0105ce i mo\u017ce znacznie pom\u00f3c nowym pracownikom zwi\u0119kszy\u0107 ich zaanga\u017cowanie w firmie.<\/p>\r\n[\/vc_column_text][\/vc_column_inner][vc_column_inner width=&#8221;1\/2&#8243; offset=&#8221;vc_hidden-xs&#8221;]<div class=\"clearboth\"><\/div><div class=\"gem-divider \" style=\"margin-bottom: 35px;\"><\/div><div class=\"centered-box gem-image-centered-box\"><div class=\"gem-image gem-wrapbox gem-wrapbox-style-default gem-wrapbox-position-centered lazy-loading\" style=\"\"><div class=\"gem-wrapbox-inner  lazy-loading-item\"  data-ll-effect=\"move-up\"><img class=\"gem-wrapbox-element img-responsive\" src=\"https:\/\/mojoapps.co\/wp-content\/uploads\/2019\/03\/VR-onboarding-03.jpg\" alt=\"\"\/><\/div><\/div><\/div>[\/vc_column_inner][\/vc_row_inner][vc_row_inner][vc_column_inner width=&#8221;1\/2&#8243; offset=&#8221;vc_hidden-lg vc_hidden-md vc_hidden-sm&#8221;]<div class=\"centered-box gem-image-centered-box\"><div class=\"gem-image gem-wrapbox gem-wrapbox-style-default gem-wrapbox-position-centered lazy-loading\" style=\"\"><div class=\"gem-wrapbox-inner  lazy-loading-item\"  data-ll-effect=\"move-up\"><img class=\"gem-wrapbox-element img-responsive\" src=\"https:\/\/mojoapps.co\/wp-content\/uploads\/2019\/03\/VR-onboarding-03.jpg\" alt=\"\"\/><\/div><\/div><\/div>[\/vc_column_inner][vc_column_inner width=&#8221;1\/2&#8243; offset=&#8221;vc_hidden-lg vc_hidden-md vc_hidden-sm&#8221;][vc_column_text]\r\n<div style=\"text-align: LEFT;\">\r\n<h3 style=\"font-size: 28px; line-height: 28px; color: #3c3950; font-family: 'Montserrat'; font-weight: 500;\"><strong><strong>SZYBKI START<\/strong> DO NOWEGO \u015aRODOWISKA<\/strong><\/h3>\r\n<\/div>\r\n[\/vc_column_text][vc_column_text]\r\n<p style=\"text-align: left;\">Wyobra\u017a sobie innowacyjny proces adaptacji w wirtualnej rzeczywisto\u015bci. Na przyk\u0142ad, mo\u017ce to by\u0107 historia firmy, osobi\u015bcie opowiedziana przez jej dyrektora generalnego lub zaanga\u017cowanie pracownik\u00f3w w dialog, stworzony w celu przyci\u0105gni\u0119cia do dzia\u0142ania i lepszego wyczucia kultury korporacyjnej firmy &#8211; do\u015bwiadczenie wirtualnej rzeczywisto\u015bci w procesie onboardingu jest imponuj\u0105ce i mo\u017ce znacznie pom\u00f3c nowym pracownikom zwi\u0119kszy\u0107 ich zaanga\u017cowanie w firmie.<\/p>\r\n[\/vc_column_text][\/vc_column_inner][\/vc_row_inner]<div class=\"clearboth\"><\/div><div class=\"gem-divider \" style=\"margin-bottom: 50px;\"><\/div>[vc_row_inner][vc_column_inner width=&#8221;1\/2&#8243;]<div class=\"centered-box gem-image-centered-box\"><div class=\"gem-image gem-wrapbox gem-wrapbox-style-default gem-wrapbox-position-centered lazy-loading\" style=\"\"><div class=\"gem-wrapbox-inner  lazy-loading-item\"  data-ll-effect=\"move-up\"><img class=\"gem-wrapbox-element img-responsive\" src=\"https:\/\/mojoapps.co\/wp-content\/uploads\/2019\/03\/VR-onboarding-01.jpg\" alt=\"\"\/><\/div><\/div><\/div>[\/vc_column_inner][vc_column_inner width=&#8221;1\/2&#8243;][vc_column_text]\r\n<p style=\"text-align: left;\">Wykorzystanie rzeczywisto\u015bci wirtualnej do adaptacji nowych pracownik\u00f3w pozwala zautomatyzowa\u0107 monotonny proces integracji i znacznie zmniejszy\u0107 nak\u0142ad pracy dzia\u0142u personalnego. System wbudowany w <a href=\"http:\/\/Wyobra\u017a sobie innowacyjny proces adaptacji w wirtualnej rzeczywisto\u015bci. Na przyk\u0142ad, mo\u017ce to by\u0107 historia firmy, osobi\u015bcie opowiedziana przez jej dyrektora generalnego lub zaanga\u017cowanie pracownik\u00f3w w dialog, stworzony w celu przyci\u0105gni\u0119cia do dzia\u0142ania i lepszego wyczucia kultury korporacyjnej firmy - do\u015bwiadczenie wirtualnej rzeczywisto\u015bci w procesie onboardingu jest imponuj\u0105ce i mo\u017ce znacznie pom\u00f3c nowym pracownikom zwi\u0119kszy\u0107 ich zaanga\u017cowanie w firmie. Wykorzystanie rzeczywisto\u015bci wirtualnej do adaptacji nowych pracownik\u00f3w pozwala zautomatyzowa\u0107 monotonny proces integracji i znacznie zmniejszy\u0107 nak\u0142ad pracy dzia\u0142u personalnego. System wbudowany w rzeczywisto\u015b\u0107 wirtualn\u0105 (link do mojo XR) mo\u017ce by\u0107 w pe\u0142ni zautomatyzowany i dystrybuowany na ca\u0142ym \u015bwiecie. Pracownicy mog\u0105 r\u00f3wnie\u017c wybra\u0107 si\u0119 na wirtualn\u0105 wycieczk\u0119 po r\u00f3\u017cnych miejscach (jednostka produkcyjna, biuro HQ, centrum edukacyjny, sale wystawowe) i oceni\u0107, np. globaln\u0105 skal\u0119 magazyn\u00f3w, bez konieczno\u015bci po\u015bwi\u0119cania czasu i pieni\u0119dzy na przemieszczanie si\u0119 mi\u0119dzy r\u00f3\u017cnymi oddzia\u0142ami firmy, odwiedzaj\u0105c fabryk\u0119, siedzib\u0119 g\u0142\u00f3wn\u0105, skarbiec bankowy i biuro regionalne firmy.\">rzeczywisto\u015b\u0107 wirtualn\u0105<\/a>\u00a0mo\u017ce by\u0107 w pe\u0142ni zautomatyzowany i dystrybuowany na ca\u0142ym \u015bwiecie.\r\nPracownicy mog\u0105 r\u00f3wnie\u017c wybra\u0107 si\u0119 na wirtualn\u0105 wycieczk\u0119 po r\u00f3\u017cnych miejscach (jednostka produkcyjna, biuro HQ, centrum edukacyjny, sale wystawowe) i oceni\u0107, np. globaln\u0105 skal\u0119 magazyn\u00f3w, bez konieczno\u015bci po\u015bwi\u0119cania czasu i pieni\u0119dzy na przemieszczanie si\u0119 mi\u0119dzy r\u00f3\u017cnymi oddzia\u0142ami firmy, odwiedzaj\u0105c fabryk\u0119, siedzib\u0119 g\u0142\u00f3wn\u0105, skarbiec bankowy i biuro regionalne firmy.<\/p>\r\n[\/vc_column_text][\/vc_column_inner][\/vc_row_inner]<div class=\"clearboth\"><\/div><div class=\"gem-divider \" style=\"margin-bottom: 50px;\"><\/div>[vc_column_text]\r\n<div style=\"text-align: center;\">\r\n<h3 style=\"font-size: 28px; line-height: 28px; color: #3c3950; font-family: 'Montserrat'; font-weight: 500;\">WIRTUALNA RZECZYWISTO\u015a\u0106 <strong>POMAGA W ADAPTACJI<\/strong>:<\/h3>\r\n<\/div>\r\n[\/vc_column_text]<div class=\"clearboth\"><\/div><div class=\"gem-divider \" style=\"margin-bottom: 50px;\"><\/div>[vc_row_inner][vc_column_inner width=&#8221;1\/4&#8243; offset=&#8221;vc_hidden-xs&#8221;][vc_single_image image=&#8221;31052&#8243; img_size=&#8221;full&#8221; alignment=&#8221;center&#8221;][vc_column_text]\r\n<h6 style=\"text-align: center;\">Do nowego miejsca pracy<\/h6>\r\n[\/vc_column_text][\/vc_column_inner][vc_column_inner width=&#8221;1\/4&#8243; offset=&#8221;vc_hidden-xs&#8221;][vc_single_image image=&#8221;31037&#8243; img_size=&#8221;full&#8221; alignment=&#8221;center&#8221;][vc_column_text]\r\n<h6 style=\"text-align: center;\">Do zespo\u0142u<\/h6>\r\n[\/vc_column_text][\/vc_column_inner][vc_column_inner width=&#8221;1\/4&#8243; offset=&#8221;vc_hidden-xs&#8221;][vc_single_image image=&#8221;30314&#8243; img_size=&#8221;full&#8221; alignment=&#8221;center&#8221;][vc_column_text]\r\n<h6 style=\"text-align: center;\">Do z\u0142o\u017conych nieoczekiwanych zada\u0144<\/h6>\r\n[\/vc_column_text][\/vc_column_inner][vc_column_inner width=&#8221;1\/4&#8243; offset=&#8221;vc_hidden-xs&#8221;][vc_single_image image=&#8221;31040&#8243; img_size=&#8221;full&#8221; alignment=&#8221;center&#8221;][vc_column_text]\r\n<h6 style=\"text-align: center;\">Do nowego \u015brodowiska<\/h6>\r\n[\/vc_column_text][\/vc_column_inner][\/vc_row_inner][vc_row_inner][vc_column_inner width=&#8221;1\/2&#8243; offset=&#8221;vc_hidden-lg vc_hidden-md vc_hidden-sm vc_col-xs-6&#8243;][vc_single_image image=&#8221;31052&#8243; img_size=&#8221;full&#8221; alignment=&#8221;center&#8221;][vc_column_text]\r\n<h6 style=\"text-align: center;\">Do nowego miejsca pracy<\/h6>\r\n[\/vc_column_text][vc_single_image image=&#8221;30314&#8243; img_size=&#8221;full&#8221; alignment=&#8221;center&#8221;][vc_column_text]\r\n<h6 style=\"text-align: center;\">Do z\u0142o\u017conych nieoczekiwanych zada\u0144<\/h6>\r\n[\/vc_column_text][\/vc_column_inner][vc_column_inner width=&#8221;1\/2&#8243; offset=&#8221;vc_hidden-lg vc_hidden-md vc_hidden-sm vc_col-xs-6&#8243;][vc_single_image image=&#8221;31040&#8243; img_size=&#8221;full&#8221; alignment=&#8221;center&#8221;][vc_column_text]\r\n<h6 style=\"text-align: center;\">Do nowego \u015brodowiska<\/h6>\r\n[\/vc_column_text][vc_single_image image=&#8221;31037&#8243; img_size=&#8221;full&#8221; alignment=&#8221;center&#8221;][vc_column_text]\r\n<h6 style=\"text-align: center;\">Do zespo\u0142u<\/h6>\r\n[\/vc_column_text][\/vc_column_inner][\/vc_row_inner]<div class=\"clearboth\"><\/div><div class=\"gem-divider \" style=\"margin-bottom: 20px;\"><\/div>[vc_column_text]Nowi pracownicy b\u0119d\u0105 mogli wczu\u0107 si\u0119 w otoczenie i opracowa\u0107 r\u00f3\u017cne scenariusze behawioralne. Stwarza to trwa\u0142e do\u015bwiaddczenia w ich umy\u015ble, kt\u00f3re idealnie nadaje si\u0119 do szkolenia pracownik\u00f3w i zwi\u0119kszania ich efektywno\u015bci. Co najwa\u017cniejsze, systemy VR wykorzystuj\u0105 sztuczn\u0105 inteligencj\u0119 i uczenie maszynowe, co umo\u017cliwia firmom przygotowanie skalowalnego, zautomatyzowanego systemu onboardingu w wirtualnej rzeczywisto\u015bci.[\/vc_column_text]<div class=\"clearboth\"><\/div><div class=\"gem-divider \" style=\"margin-bottom: 20px;\"><\/div><div id=\"fullwidth-block-69d296eed2a80\" class=\"fullwidth-block clearfix\"  style=\"background-color: #f4f4f4;\"><script type=\"text\/javascript\">if (typeof(gem_fix_fullwidth_position) == \"function\") { gem_fix_fullwidth_position(document.getElementById(\"fullwidth-block-69d296eed2a80\")); }<\/script><div class=\"fullwidth-block-inner\"><div class=\"container\"><div class=\"clearboth\"><\/div><div class=\"gem-divider \" style=\"margin-bottom: 20px;\"><\/div>[vc_row_inner][vc_column_inner width=&#8221;1\/2&#8243; offset=&#8221;vc_hidden-xs&#8221;]<div class=\"gem-image gem-wrapbox gem-wrapbox-style-default gem-wrapbox-position-below\" style=\"width: 150px;height: 150px;\"><div class=\"gem-wrapbox-inner \" ><img class=\"gem-wrapbox-element img-responsive\" src=\"https:\/\/mojoapps.co\/wp-content\/uploads\/2018\/06\/Znak_black_small.png\" alt=\"\"\/><\/div><\/div>[vc_column_text]\r\n<div style=\"clear: both;\">\r\n<div class=\"title-h2 title-h2-contact\"><span class=\"light\">Skontaktuj si\u0119<\/span> z nami<\/div>\r\n<div><\/div>\r\n<div>Masz pomys\u0142? Porozmawiajmy o nim. Napisz do nas na <a href=\"mailto:hello@mojoapps.co\">hello@mojoapps.co<\/a>.<\/div>\r\n<div class=\"title-h2 title-h2-contact\"><span class=\"light\">OFERTY<\/span> PRACY<\/div>\r\n<div>\r\n\r\n<span style=\"font-weight: 400;\"> Uwielbiasz rozszerzon\u0105 i wirtualn\u0105 rzeczywisto\u015b\u0107? Chcesz si\u0119 rozwija\u0107 w innowacyjnych technologiach ? Mamy dost\u0119pne dla Ciebie takie stanowiska:<\/span>\r\n<ul>\r\n \t<li><a href=\"https:\/\/mojoapps.co\/pl\/senior-programista-unity3d\/\">Unity Developer<\/a><\/li>\r\n \t<li><a href=\"https:\/\/mojoapps.co\/pl\/project-manager-vr-ar\/\">Project Manager VR\/AR<\/a><\/li>\r\n \t<li><a href=\"https:\/\/mojoapps.co\/pl\/grafik-3d-i-2d\/\">Grafik 3D &amp; 2D do VR i AR<\/a><\/li>\r\n<\/ul>\r\n<\/div>\r\n<\/div>\r\n[\/vc_column_text][\/vc_column_inner][vc_column_inner width=&#8221;1\/2&#8243; offset=&#8221;vc_hidden-xs&#8221;]<div role=\"form\" class=\"wpcf7\" id=\"wpcf7-f25984-o1\" lang=\"en-US\" dir=\"ltr\">\n<div class=\"screen-reader-response\"><p role=\"status\" aria-live=\"polite\" aria-atomic=\"true\"><\/p> <ul><\/ul><\/div>\n<form action=\"\/pl\/wp-json\/wp\/v2\/pages\/32243#wpcf7-f25984-o1\" method=\"post\" class=\"wpcf7-form init\" novalidate=\"novalidate\" data-status=\"init\">\n<div style=\"display: none;\">\n<input type=\"hidden\" name=\"_wpcf7\" value=\"25984\" \/>\n<input type=\"hidden\" name=\"_wpcf7_version\" value=\"5.3.2\" \/>\n<input type=\"hidden\" name=\"_wpcf7_locale\" value=\"en_US\" \/>\n<input type=\"hidden\" name=\"_wpcf7_unit_tag\" value=\"wpcf7-f25984-o1\" \/>\n<input type=\"hidden\" name=\"_wpcf7_container_post\" value=\"0\" \/>\n<input type=\"hidden\" name=\"_wpcf7_posted_data_hash\" value=\"\" \/>\n<\/div>\n<div class=\"contact-form-style-2\">\n<p class=\"cf-style2\"><span class=\"wpcf7-form-control-wrap your-name\"><input type=\"text\" name=\"your-name\" value=\"\" size=\"40\" class=\"wpcf7-form-control wpcf7-text wpcf7-validates-as-required\" aria-required=\"true\" aria-invalid=\"false\" placeholder=\"Imi\u0119*\" \/><\/span><\/p>\n<p class=\"cf-style2-phone\"><span class=\"wpcf7-form-control-wrap phone\"><input type=\"tel\" name=\"phone\" value=\"\" size=\"40\" class=\"wpcf7-form-control wpcf7-text wpcf7-tel wpcf7-validates-as-tel\" aria-invalid=\"false\" placeholder=\"Telefon*\" \/><\/span><\/p>\n<p class=\"cf-style2-email\"><span class=\"wpcf7-form-control-wrap email\"><input type=\"email\" name=\"email\" value=\"\" size=\"40\" class=\"wpcf7-form-control wpcf7-text wpcf7-email wpcf7-validates-as-required wpcf7-validates-as-email\" aria-required=\"true\" aria-invalid=\"false\" placeholder=\"E-mail*\" \/><\/span><\/p>\n<p class=\"cf-style2-adreess\"><span class=\"wpcf7-form-control-wrap Where\"><select name=\"Where\" class=\"wpcf7-form-control wpcf7-select wpcf7-validates-as-required gem-combobox\" aria-required=\"true\" aria-invalid=\"false\"><option value=\"Ameryka P\u00f3\u0142nocna\">Ameryka P\u00f3\u0142nocna<\/option><option value=\"Europa\">Europa<\/option><option value=\"Asia\">Asia<\/option><option value=\"Australia\">Australia<\/option><option value=\"Ameryka Po\u0142udniowa\">Ameryka Po\u0142udniowa<\/option><option value=\"Afryka\">Afryka<\/option><\/select><\/span><\/p>\n<p>\n<h5>Zakres zainteresowa\u0144<\/h5>\n<\/p>\n<p class=\"cf-style2-checkbox\"><span class=\"wpcf7-form-control-wrap ScopesOfInterests\"><span class=\"wpcf7-form-control wpcf7-checkbox gem-checkbox\"><span class=\"wpcf7-list-item first\"><input type=\"checkbox\" name=\"ScopesOfInterests:[]\" value=\"Rozszerzona Rzeczywisto\u015b\u0107\" \/><span class=\"wpcf7-list-item-label\">Rozszerzona Rzeczywisto\u015b\u0107<\/span><\/span><span class=\"wpcf7-list-item\"><input type=\"checkbox\" name=\"ScopesOfInterests:[]\" value=\"Wirtualna Rzeczywisto\u015b\u0107\" \/><span class=\"wpcf7-list-item-label\">Wirtualna Rzeczywisto\u015b\u0107<\/span><\/span><span class=\"wpcf7-list-item\"><input type=\"checkbox\" name=\"ScopesOfInterests:[]\" value=\"3D\" \/><span class=\"wpcf7-list-item-label\">3D<\/span><\/span><span class=\"wpcf7-list-item last\"><input type=\"checkbox\" name=\"ScopesOfInterests:[]\" value=\"360 video\" \/><span class=\"wpcf7-list-item-label\">360 video<\/span><\/span><\/span><\/span><\/p>\n<p class=\"cf-style2-textarea\"><span class=\"wpcf7-form-control-wrap Messege\"><textarea name=\"Messege\" cols=\"40\" rows=\"10\" class=\"wpcf7-form-control wpcf7-textarea wpcf7-validates-as-required\" aria-required=\"true\" aria-invalid=\"false\" placeholder=\"Wiadomo\u015b\u0107\"><\/textarea><\/span><\/p>\n<p><span id=\"wpcf7-69d296eed327c\" class=\"wpcf7-form-control-wrap honeypot-152-wrap\" style=\"display:none !important; visibility:hidden !important;\"><label  class=\"hp-message\">Please leave this field empty.<\/label><input class=\"wpcf7-form-control wpcf7-text\"  type=\"text\" name=\"honeypot-152\" value=\"\" size=\"40\" tabindex=\"-1\" autocomplete=\"nope\" \/><\/span><br \/>\n<input type=\"submit\" value=\"Wy\u015blij wiadomo\u015b\u0107\" class=\"wpcf7-form-control wpcf7-submit\" \/>\n<\/p><\/div>\n<div class=\"wpcf7-response-output\" aria-hidden=\"true\"><\/div><\/form><\/div>[\/vc_column_inner][\/vc_row_inner][vc_row_inner][vc_column_inner offset=&#8221;vc_hidden-lg vc_hidden-md vc_hidden-sm&#8221;]<div class=\"gem-image gem-wrapbox gem-wrapbox-style-default gem-wrapbox-position-below\" style=\"width: 150px;height: 150px;\"><div class=\"gem-wrapbox-inner \" ><img class=\"gem-wrapbox-element img-responsive\" src=\"https:\/\/mojoapps.co\/wp-content\/uploads\/2018\/06\/Znak_black_small.png\" alt=\"\"\/><\/div><\/div>[vc_column_text]\r\n<div style=\"clear: both;\">\r\n<div class=\"title-h2 title-h2-contact\"><span class=\"light\">Skontaktuj si\u0119<\/span> z nami<\/div>\r\n<div><\/div>\r\n<div>Masz pomys\u0142? Porozmawiajmy o nim. Napisz do nas na <a href=\"mailto:hello@mojoapps.co\">hello@mojoapps.co<\/a>.<\/div>\r\n[\/vc_column_text]<div role=\"form\" class=\"wpcf7\" id=\"wpcf7-f25984-o2\" lang=\"en-US\" dir=\"ltr\">\n<div class=\"screen-reader-response\"><p role=\"status\" aria-live=\"polite\" aria-atomic=\"true\"><\/p> <ul><\/ul><\/div>\n<form action=\"\/pl\/wp-json\/wp\/v2\/pages\/32243#wpcf7-f25984-o2\" method=\"post\" class=\"wpcf7-form init\" novalidate=\"novalidate\" data-status=\"init\">\n<div style=\"display: none;\">\n<input type=\"hidden\" name=\"_wpcf7\" value=\"25984\" \/>\n<input type=\"hidden\" name=\"_wpcf7_version\" value=\"5.3.2\" \/>\n<input type=\"hidden\" name=\"_wpcf7_locale\" value=\"en_US\" \/>\n<input type=\"hidden\" name=\"_wpcf7_unit_tag\" value=\"wpcf7-f25984-o2\" \/>\n<input type=\"hidden\" name=\"_wpcf7_container_post\" value=\"0\" \/>\n<input type=\"hidden\" name=\"_wpcf7_posted_data_hash\" value=\"\" \/>\n<\/div>\n<div class=\"contact-form-style-2\">\n<p class=\"cf-style2\"><span class=\"wpcf7-form-control-wrap your-name\"><input type=\"text\" name=\"your-name\" value=\"\" size=\"40\" class=\"wpcf7-form-control wpcf7-text wpcf7-validates-as-required\" aria-required=\"true\" aria-invalid=\"false\" placeholder=\"Imi\u0119*\" \/><\/span><\/p>\n<p class=\"cf-style2-phone\"><span class=\"wpcf7-form-control-wrap phone\"><input type=\"tel\" name=\"phone\" value=\"\" size=\"40\" class=\"wpcf7-form-control wpcf7-text wpcf7-tel wpcf7-validates-as-tel\" aria-invalid=\"false\" placeholder=\"Telefon*\" \/><\/span><\/p>\n<p class=\"cf-style2-email\"><span class=\"wpcf7-form-control-wrap email\"><input type=\"email\" name=\"email\" value=\"\" size=\"40\" class=\"wpcf7-form-control wpcf7-text wpcf7-email wpcf7-validates-as-required wpcf7-validates-as-email\" aria-required=\"true\" aria-invalid=\"false\" placeholder=\"E-mail*\" \/><\/span><\/p>\n<p class=\"cf-style2-adreess\"><span class=\"wpcf7-form-control-wrap Where\"><select name=\"Where\" class=\"wpcf7-form-control wpcf7-select wpcf7-validates-as-required gem-combobox\" aria-required=\"true\" aria-invalid=\"false\"><option value=\"Ameryka P\u00f3\u0142nocna\">Ameryka P\u00f3\u0142nocna<\/option><option value=\"Europa\">Europa<\/option><option value=\"Asia\">Asia<\/option><option value=\"Australia\">Australia<\/option><option value=\"Ameryka Po\u0142udniowa\">Ameryka Po\u0142udniowa<\/option><option value=\"Afryka\">Afryka<\/option><\/select><\/span><\/p>\n<p>\n<h5>Zakres zainteresowa\u0144<\/h5>\n<\/p>\n<p class=\"cf-style2-checkbox\"><span class=\"wpcf7-form-control-wrap ScopesOfInterests\"><span class=\"wpcf7-form-control wpcf7-checkbox gem-checkbox\"><span class=\"wpcf7-list-item first\"><input type=\"checkbox\" name=\"ScopesOfInterests:[]\" value=\"Rozszerzona Rzeczywisto\u015b\u0107\" \/><span class=\"wpcf7-list-item-label\">Rozszerzona Rzeczywisto\u015b\u0107<\/span><\/span><span class=\"wpcf7-list-item\"><input type=\"checkbox\" name=\"ScopesOfInterests:[]\" value=\"Wirtualna Rzeczywisto\u015b\u0107\" \/><span class=\"wpcf7-list-item-label\">Wirtualna Rzeczywisto\u015b\u0107<\/span><\/span><span class=\"wpcf7-list-item\"><input type=\"checkbox\" name=\"ScopesOfInterests:[]\" value=\"3D\" \/><span class=\"wpcf7-list-item-label\">3D<\/span><\/span><span class=\"wpcf7-list-item last\"><input type=\"checkbox\" name=\"ScopesOfInterests:[]\" value=\"360 video\" \/><span class=\"wpcf7-list-item-label\">360 video<\/span><\/span><\/span><\/span><\/p>\n<p class=\"cf-style2-textarea\"><span class=\"wpcf7-form-control-wrap Messege\"><textarea name=\"Messege\" cols=\"40\" rows=\"10\" class=\"wpcf7-form-control wpcf7-textarea wpcf7-validates-as-required\" aria-required=\"true\" aria-invalid=\"false\" placeholder=\"Wiadomo\u015b\u0107\"><\/textarea><\/span><\/p>\n<p><span id=\"wpcf7-69d296eed3604\" class=\"wpcf7-form-control-wrap honeypot-152-wrap\" style=\"display:none !important; visibility:hidden !important;\"><label  class=\"hp-message\">Please leave this field empty.<\/label><input class=\"wpcf7-form-control wpcf7-text\"  type=\"text\" name=\"honeypot-152\" value=\"\" size=\"40\" tabindex=\"-1\" autocomplete=\"nope\" \/><\/span><br \/>\n<input type=\"submit\" value=\"Wy\u015blij wiadomo\u015b\u0107\" class=\"wpcf7-form-control wpcf7-submit\" \/>\n<\/p><\/div>\n<div class=\"wpcf7-response-output\" aria-hidden=\"true\"><\/div><\/form><\/div><div class=\"clearboth\"><\/div><div class=\"gem-divider \" style=\"margin-bottom: 30px;\"><\/div>[vc_column_text]\r\n<div class=\"title-h2 title-h2-contact\"><span class=\"light\">OFERTY<\/span> PRACY<\/div>\r\n<div>\r\n\r\n<span style=\"font-weight: 400;\"> Uwielbiasz rozszerzon\u0105 i wirtualn\u0105 rzeczywisto\u015b\u0107? Chcesz si\u0119 rozwija\u0107 w innowacyjnych technologiach ? Mamy dost\u0119pne dla Ciebie takie stanowiska:<\/span>\r\n<ul>\r\n \t<li><a href=\"https:\/\/mojoapps.co\/pl\/senior-programista-unity3d\/\">Unity Developer<\/a><\/li>\r\n \t<li><a href=\"https:\/\/mojoapps.co\/pl\/project-manager-vr-ar\/\">Project Manager VR\/AR<\/a><\/li>\r\n \t<li><a href=\"https:\/\/mojoapps.co\/pl\/grafik-3d-i-2d\/\">Grafik 3D &amp; 2D do VR i AR<\/a><\/li>\r\n<\/ul>\r\n<\/div>\r\n<\/div>\r\n[\/vc_column_text][\/vc_column_inner][\/vc_row_inner]<\/div><\/div><\/div>[\/vc_column][\/vc_row]","protected":false},"excerpt":{"rendered":"<p>[vc_row css=&#8221;.vc_custom_1547132250931{margin-top: -100px !important;}&#8221;][vc_column][vc_column_text] ADAPTACJA NOWYCH PRACOWNIK\u00d3W W wirtualnej rzeczywisto\u015bci [\/vc_column_text][vc_column_text] Proces adaptacji dla nowych pracownik\u00f3w jest cz\u0119sto niesamowicie d\u0142ugi&#8230;<\/p>\n","protected":false},"author":8,"featured_media":0,"parent":30265,"menu_order":0,"comment_status":"closed","ping_status":"closed","template":"","meta":[],"_links":{"self":[{"href":"https:\/\/mojoapps.co\/pl\/wp-json\/wp\/v2\/pages\/32243"}],"collection":[{"href":"https:\/\/mojoapps.co\/pl\/wp-json\/wp\/v2\/pages"}],"about":[{"href":"https:\/\/mojoapps.co\/pl\/wp-json\/wp\/v2\/types\/page"}],"author":[{"embeddable":true,"href":"https:\/\/mojoapps.co\/pl\/wp-json\/wp\/v2\/users\/8"}],"replies":[{"embeddable":true,"href":"https:\/\/mojoapps.co\/pl\/wp-json\/wp\/v2\/comments?post=32243"}],"version-history":[{"count":12,"href":"https:\/\/mojoapps.co\/pl\/wp-json\/wp\/v2\/pages\/32243\/revisions"}],"predecessor-version":[{"id":32995,"href":"https:\/\/mojoapps.co\/pl\/wp-json\/wp\/v2\/pages\/32243\/revisions\/32995"}],"up":[{"embeddable":true,"href":"https:\/\/mojoapps.co\/pl\/wp-json\/wp\/v2\/pages\/30265"}],"wp:attachment":[{"href":"https:\/\/mojoapps.co\/pl\/wp-json\/wp\/v2\/media?parent=32243"}],"curies":[{"name":"wp","href":"https:\/\/api.w.org\/{rel}","templated":true}]}}