{"id":32662,"date":"2019-04-02T19:20:08","date_gmt":"2019-04-02T17:20:08","guid":{"rendered":"https:\/\/mojoapps.co\/?page_id=32662"},"modified":"2019-04-02T19:20:08","modified_gmt":"2019-04-02T17:20:08","slug":"grafik-3d-i-2d","status":"publish","type":"page","link":"https:\/\/mojoapps.co\/pl\/grafik-3d-i-2d\/","title":{"rendered":"Grafik 3D &#038; 2D do VR i AR"},"content":{"rendered":"[vc_row][vc_column][vc_column_text]\r\n<h3>Grafik 3D &amp; 2D do VR i AR<\/h3>\r\n[\/vc_column_text][vc_column_text]\r\n<h5>dla\u00a0<b><a href=\"https:\/\/mojoapps.co\/pl\/\">MojoApps Sp. z o.o.<\/a>\u00a0(Warszawa)<\/b><\/h5>\r\n[\/vc_column_text][vc_column_text]MojoApps.co to software house skupiaj\u0105cy si\u0119 na tworzeniu aplikacji i gier z wykorzystaniem VR i AR. Potrzebujemy nowych Magik\u00f3w w naszym teamie. Uwielbiamy tworzy\u0107 kreatywne projekty i stwarzamy do tego warunki pracy przez elastyczne godziny pracy, pakiet szkoleniowy, przestronne biuro obok centrum W-wy z r\u00f3\u017cnymi udogodnieniami typu kreatywna przestrze\u0144 pracy na pufach, sauna, sto\u0142\u00f3wka, VR gaming zone &#x1f609;, si\u0142ownia (50m od biura) oraz darmowe \u015bniadania integracyjne w ka\u017cdy pi\u0105tek &#x1f60a;.\r\n\r\nJe\u017celi chcesz pracowa\u0107 w firmie, kt\u00f3ry tworzy:\r\n<ul>\r\n \t<li>Aplikacje biznesowe AR i VR<\/li>\r\n \t<li>Gry VR i AR<\/li>\r\n \t<li>Dedykowane symulatory z wykorzystaniem VR<\/li>\r\n<\/ul>\r\nZaaplikuj do nas i zr\u00f3bmy troch\u0119 magii razem &#x1f60a;\r\n\r\n<strong>Stanowisko:<\/strong> Grafik 3D &amp; 2D\r\n<strong>Miejsce pracy:<\/strong> Warszawa\r\n\r\n<strong>Oczekujemy:<\/strong>\r\n<ul>\r\n \t<li>posiadasz kreatywny umys\u0142 i tworzysz modele 3D , tekstury oraz animacje<\/li>\r\n \t<li>znasz \u015brodowisko Blender i Adobe oraz inne graficzne<\/li>\r\n \t<li>znojomo\u015b\u0107 Unity 3D b\u0119dzie du\u017c\u0105 dodatkow\u0105 zalet\u0105<\/li>\r\n \t<li>masz zapa\u0142 do pracy<\/li>\r\n \t<li>dobra znajomo\u015b\u0107 j\u0119zyka angielskiego w mowie i w pi\u015bmie,<\/li>\r\n \t<li>umiej\u0119tno\u015bci wsp\u00f3\u0142pracy z zespo\u0142em programist\u00f3w<\/li>\r\n \t<li>kreatywno\u015bci, inicjatywy i odpowiedzialno\u015bci<\/li>\r\n<\/ul>\r\nMile widziane <strong>dodatkowe umiej\u0119tno\u015bci<\/strong>:\r\n<ul>\r\n \t<li>dodatkowym atutem b\u0119dzie do\u015bwiadczenie w przygotowaniu aplikacji i gier AR\/VR<\/li>\r\n \t<li>znajomo\u015b\u0107 Unity 3D b\u0119dzie du\u017c\u0105 dodatkow\u0105 zalet\u0105<\/li>\r\n<\/ul>\r\n<strong>Oferujemy:<\/strong>\r\n<ul>\r\n \t<li>prac\u0119 w\u015br\u00f3d pasjonat\u00f3w i bardzo pozytywnych ludzi,<\/li>\r\n \t<li>bardzo dobre warunki wsp\u00f3\u0142pracy,<\/li>\r\n \t<li>tworzenie projekt\u00f3w bardzo innowacyjnych technologicznie<\/li>\r\n \t<li>mo\u017cliwo\u015b\u0107 ci\u0105g\u0142ego rozwoju<\/li>\r\n \t<li>elastyczne godziny pracy,<\/li>\r\n \t<li>darmowe \u015bniadania integracyjne w ka\u017cdy pi\u0105tek &#x1f60a;<\/li>\r\n \t<li>wygodny dojazd do biura komunikacj\u0105 i du\u017cy, darmowy parking przed biurem<\/li>\r\n \t<li>du\u017ce, przestronne biuro obok centrum W-wy z r\u00f3\u017cnymi udogodnieniami typu kreatywna przestrze\u0144 pracy na pufach, sauna, sto\u0142\u00f3wka, VR gaming zone &#x1f609; oraz si\u0142ownia (50m od biura)<\/li>\r\n \t<li>pakiet szkoleniowy dostosowany do Twoich potrzeb<\/li>\r\n \t<li>pomagamy w znalezieniu mieszkania w przypadku konieczno\u015bci przeprowadzki<\/li>\r\n<\/ul>\r\nZainteresowanych prosimy o przesy\u0142anie CV wraz z portfolio oraz listu motywacyjnego na <strong>career@mojoapps.co<\/strong>\r\n\r\nDzi\u0119kujemy za wszystkie nades\u0142ane aplikacje.\r\n\r\nProsimy o umieszczenie w CV poni\u017cszej klauzuli:\r\n<em>Wyra\u017cam zgod\u0119 na przetwarzanie moich danych osobowych zawartych w mojej ofercie pracy dla potrzeb niezb\u0119dnych do realizacji procesu rekrutacji (zgodnie z Ustaw\u0105 z dn. 29.08.97 o Ochronie danych Osobowych Dz. U. nr 133 poz.883 z p\u00f3\u017cn. zm.).<\/em>[\/vc_column_text][\/vc_column][\/vc_row]","protected":false},"excerpt":{"rendered":"<p>[vc_row][vc_column][vc_column_text] Grafik 3D &amp; 2D do VR i AR [\/vc_column_text][vc_column_text] dla\u00a0MojoApps Sp. z o.o.\u00a0(Warszawa) [\/vc_column_text][vc_column_text]MojoApps.co to software house skupiaj\u0105cy si\u0119&#8230;<\/p>\n","protected":false},"author":8,"featured_media":0,"parent":0,"menu_order":0,"comment_status":"closed","ping_status":"closed","template":"","meta":[],"_links":{"self":[{"href":"https:\/\/mojoapps.co\/pl\/wp-json\/wp\/v2\/pages\/32662"}],"collection":[{"href":"https:\/\/mojoapps.co\/pl\/wp-json\/wp\/v2\/pages"}],"about":[{"href":"https:\/\/mojoapps.co\/pl\/wp-json\/wp\/v2\/types\/page"}],"author":[{"embeddable":true,"href":"https:\/\/mojoapps.co\/pl\/wp-json\/wp\/v2\/users\/8"}],"replies":[{"embeddable":true,"href":"https:\/\/mojoapps.co\/pl\/wp-json\/wp\/v2\/comments?post=32662"}],"version-history":[{"count":1,"href":"https:\/\/mojoapps.co\/pl\/wp-json\/wp\/v2\/pages\/32662\/revisions"}],"predecessor-version":[{"id":32663,"href":"https:\/\/mojoapps.co\/pl\/wp-json\/wp\/v2\/pages\/32662\/revisions\/32663"}],"wp:attachment":[{"href":"https:\/\/mojoapps.co\/pl\/wp-json\/wp\/v2\/media?parent=32662"}],"curies":[{"name":"wp","href":"https:\/\/api.w.org\/{rel}","templated":true}]}}